{"id":613,"date":"2017-10-13T15:56:42","date_gmt":"2017-10-13T15:56:42","guid":{"rendered":"https:\/\/cortapelo.com\/?page_id=613"},"modified":"2018-03-18T18:29:48","modified_gmt":"2018-03-18T18:29:48","slug":"apartament-33","status":"publish","type":"page","link":"https:\/\/cortapelo.com\/en\/apartament-33\/","title":{"rendered":"(Espa\u00f1ol) apARTament 33"},"content":{"rendered":"<p>\n\n<div id=\"div-69e17e04acb8d\" class=\"fw-main-row section-spacing   auto \"  style=\"  \"  >\n    <div class=\"fw-container\">\n        <div class=\"fw-row\">\n\t\n\n<div id=\"column-69e17e04acc87\" class=\" fw-col-md-12       wow fadeIn\" data-wow-offset=\"100\" data-wow-duration=\"1.5s\" style=\"  \">\n        <div class=\"fw-main-row\">\n        <div class=\"fw-col-inner\" >\n                <div  class=\" fw-divider-full-width fw-divider-space  space-sm \" style=\"width:auto%;  \" ><\/div>\n        <\/div>\n    <\/div>\n\n\n<\/div><\/div>\n\n<div class=\"fw-row\">\n\t\n\n<div id=\"column-69e17e04acdd5\" class=\" fw-col-md-12       wow fadeIn\" data-wow-offset=\"100\" data-wow-duration=\"1.5s\" style=\"  \">\n        <div class=\"fw-main-row\">\n        <div class=\"fw-col-inner\" >\n                <div  class=\" fw-divider-full-width fw-divider-space  space-md \" style=\"width:auto%;  \" ><\/div>\n        <\/div>\n    <\/div>\n\n\n<\/div><\/div>\n\n    <\/div>\n    <\/div>\n\n\n\n<div id=\"div-69e17e04aceae\" class=\"fw-main-row section-spacing   auto \"  style=\"  \"  >\n    <div class=\"fw-container\">\n        <div class=\"fw-row\">\n\t\n\n<div id=\"column-69e17e04acfb9\" class=\" fw-col-md-6       wow fadeIn\" data-wow-offset=\"100\" data-wow-duration=\"1.5s\" style=\"  \">\n        <div class=\"fw-main-row\">\n        <div class=\"fw-col-inner\" >\n            <h2 class=\"western\" lang=\"es-ES\"><span style=\"font-family: Calibri, serif;\"><b>\u00bfQu\u00e9 es ap<\/b><\/span><span style=\"color: #ff0000;\"><span style=\"font-family: Calibri, serif;\"><b>art<\/b><\/span><\/span><span style=\"font-family: Calibri, serif;\"><b>ament<\/b><\/span><span style=\"color: #ff0000;\"><span style=\"font-family: Calibri, serif;\"><b>33<\/b><\/span><\/span><span style=\"font-family: Calibri, serif;\"><b>?<\/b><\/span><\/h2>    <div  class=\" fw-divider-full-width fw-divider-space  space-sm \" style=\"width:auto%;  \" ><\/div>\n<p class=\"western\" lang=\"es-ES\"><span style=\"font-family: Calibri, serif;\">ap<\/span><span style=\"color: #ff0000;\"><span style=\"font-family: Calibri, serif;\">art<\/span><\/span><span style=\"font-family: Calibri, serif;\">ament<\/span><span style=\"color: #ff0000;\"><span style=\"font-family: Calibri, serif;\">33<\/span><\/span> es un espacio de encuentro entre artista y espectador, en un entorno particular: un edificio de apartamentos tur\u00edsticos.<br \/>Durante un fin de semana una selecci\u00f3n de propuestas art\u00edsticas ocupan los diferentes espacios de Mandala apARTments. El arte fluye entre la cocina y el ba\u00f1o, el dormitorio y la escalera, en espacios tan \u00edntimos como ser\u00edan los de nuestro hogar. Queremos llenar los entornos m\u00e1s caseros y cotidianos de arte contempor\u00e1neo.<\/p><p class=\"western\" lang=\"es-ES\"><span style=\"font-family: Calibri, serif;\">ap<\/span><span style=\"color: #ff0000;\"><span style=\"font-family: Calibri, serif;\">art<\/span><\/span><span style=\"font-family: Calibri, serif;\">ament<\/span><span style=\"color: #ff0000;\"><span style=\"font-family: Calibri, serif;\">33<\/span><\/span> quiere posicionarse como un evento art\u00edstico ef\u00edmero, como una plataforma para impulsar la creaci\u00f3n art\u00edstica contempor\u00e1nea por medio de la difusi\u00f3n, intercambio y creaci\u00f3n de proyectos art\u00edstico-culturales.<br \/>Durante una semana, Mandala apARTments se transforma en un espacio para el arte.<br \/>La ocupaci\u00f3n art\u00edstica es de car\u00e1cter anual<br \/>La primera edici\u00f3n de apartament33, se desarroll\u00f3 en diciembre de 2016 con la participaci\u00f3n de:<br \/>Abdellah Ahaddaf<br \/>S\u00edlvia Angelet<br \/>Vicky Ben\u00edtez<br \/>Alvar Calvet<br \/>Ro Caminal<br \/>Alexandra Garcia<br \/>Montse Gonz\u00e0lez P.<br \/>Magda Guill\u00e9n<br \/>Aura Gum\u00e0<br \/>Lurdes Juncosa<br \/>Edita Kadiric<br \/>Xavi Mill\u00e1n<br \/>Marc Quintana<br \/>Roser Oter<br \/>David Ribas<br \/>Miquel Sabat\u00e9<br \/>M. Josepa Sans Olmedo<br \/>Jordi Santacana<br \/>Micaela \u00d2scar Vives<\/p>    <div  class=\" fw-divider-full-width fw-divider-space  space-sm \" style=\"width:auto%;  \" ><\/div>\n    <div  class=\" fw-divider-full-width fw-divider-space  space-sm \" style=\"width:auto%;  \" ><\/div>\n<p>Visita el cat\u00e1logo digital de la edici\u00f3n de este a\u00f1o!:  <a href=\"https:\/\/issuu.com\/sylviaangelet\/docs\/apart33\" target=\"blank\">Cat\u00e1logo apartament33<\/a><\/p><p>Facebook: <a href=\"https:\/\/www.facebook.com\/apartament33\/\" target=\"blank\">https:\/\/www.facebook.com\/apartament33\/<\/a><\/p>        <\/div>\n    <\/div>\n\n\n<\/div>\n\n<div id=\"column-69e17e04ad23f\" class=\" fw-col-md-6       wow fadeIn\" data-wow-offset=\"100\" data-wow-duration=\"1.5s\" style=\"  \">\n        <div class=\"fw-main-row\">\n        <div class=\"fw-col-inner\" >\n                <div  class=\" fw-divider-full-width fw-divider-space  space-md \" style=\"width:auto%;  \" ><\/div>\n    <div  class=\" fw-divider-full-width fw-divider-space  space-sm \" style=\"width:auto%;  \" ><\/div>\n<p>\t\t<div class=\"wpsisac-slick-carousal-wrp wpsisac-clearfix \" data-conf=\"{&quot;slidestoshow&quot;:&quot;1&quot;,&quot;slidestoscroll&quot;:1,&quot;dots&quot;:&quot;true&quot;,&quot;arrows&quot;:&quot;true&quot;,&quot;autoplay&quot;:&quot;true&quot;,&quot;autoplay_interval&quot;:&quot;2600&quot;,&quot;speed&quot;:300,&quot;rtl&quot;:&quot;false&quot;,&quot;centermode&quot;:&quot;true&quot;,&quot;lazyload&quot;:&quot;&quot;,&quot;variablewidth&quot;:&quot;true&quot;,&quot;loop&quot;:&quot;true&quot;,&quot;hover_pause&quot;:&quot;true&quot;}\">\r\t\t\t<div id=\"wpsisac-slick-carousal-1\"  class=\"wpsisac-slick-init wpsisac-slick-carousal design-6  wpsisac-center variablewidthv\">\r\t\t\t\t<div class=\"wpsisac-image-slide\">  \r\t\t\t<div class=\"wpsisac-image-slide-wrap\" >\r\t\t\t<img  src=\"https:\/\/cortapelo.com\/wp-content\/uploads\/2017\/10\/ultimo-apartament-33-logotip-arte-contemporaneo-calafell-arte-apartamentos-tur\u00edsticos.jpg\" alt=\"\" \/>\r\t\t<\/div>\r\t<\/div><div class=\"wpsisac-image-slide\">  \r\t\t\t<div class=\"wpsisac-image-slide-wrap\" >\r\t\t\t<img  src=\"https:\/\/cortapelo.com\/wp-content\/uploads\/2017\/10\/Apartament-33-Alexandra-Garcia-arte-contemporaneo-calafell-arte-apartamentos-tur\u00edsticos-copia.jpg\" alt=\"\" \/>\r\t\t<\/div>\r\t<\/div><div class=\"wpsisac-image-slide\">  \r\t\t\t<div class=\"wpsisac-image-slide-wrap\" >\r\t\t\t<img  src=\"https:\/\/cortapelo.com\/wp-content\/uploads\/2017\/10\/Apartament-33-Vicky-Benitez-arte-contemporaneo-calafell-arte-apartamentos-tur\u00edsticos.jpg\" alt=\"\" \/>\r\t\t<\/div>\r\t<\/div><div class=\"wpsisac-image-slide\">  \r\t\t\t<div class=\"wpsisac-image-slide-wrap\" >\r\t\t\t<img  src=\"https:\/\/cortapelo.com\/wp-content\/uploads\/2017\/10\/Apartament-33-Albar-Calvet-arte-contemporanio-arte-copia.jpg\" alt=\"\" \/>\r\t\t<\/div>\r\t<\/div><div class=\"wpsisac-image-slide\">  \r\t\t\t<div class=\"wpsisac-image-slide-wrap\" >\r\t\t\t<img  src=\"https:\/\/cortapelo.com\/wp-content\/uploads\/2017\/10\/Apartament-33-arte-contemporaneo-calafell-arte-apartamentos-tur\u00edsticos-mandala-apartments-copia.jpg\" alt=\"\" \/>\r\t\t<\/div>\r\t<\/div><div class=\"wpsisac-image-slide\">  \r\t\t\t<div class=\"wpsisac-image-slide-wrap\" >\r\t\t\t<img  src=\"https:\/\/cortapelo.com\/wp-content\/uploads\/2017\/10\/Apartament-33-Aura-Guma-arte-contemporaneo-calafell-arte-apartamentos-tur\u00edsticos-copia.jpg\" alt=\"\" \/>\r\t\t<\/div>\r\t<\/div><div class=\"wpsisac-image-slide\">  \r\t\t\t<div class=\"wpsisac-image-slide-wrap\" >\r\t\t\t<img  src=\"https:\/\/cortapelo.com\/wp-content\/uploads\/2017\/10\/Apartament-33-banderes-Alvar-Calvet-arte-contemporaneo-calafell-arte-apartamentos-tur\u00edsticos-copia.jpg\" alt=\"\" \/>\r\t\t<\/div>\r\t<\/div><div class=\"wpsisac-image-slide\">  \r\t\t\t<div class=\"wpsisac-image-slide-wrap\" >\r\t\t\t<img  src=\"https:\/\/cortapelo.com\/wp-content\/uploads\/2017\/10\/Apartament-33-David-Ribas-arte-contemporaneo-calafell-arte-apartamentos-tur\u00edsticos-copia.jpg\" alt=\"\" \/>\r\t\t<\/div>\r\t<\/div><div class=\"wpsisac-image-slide\">  \r\t\t\t<div class=\"wpsisac-image-slide-wrap\" >\r\t\t\t<img  src=\"https:\/\/cortapelo.com\/wp-content\/uploads\/2017\/10\/Apartament-33-Erika-Kadiric-arte-contemporaneo-calafell-arte-apartamentos-tur\u00edsticos-copia.jpg\" alt=\"\" \/>\r\t\t<\/div>\r\t<\/div><div class=\"wpsisac-image-slide\">  \r\t\t\t<div class=\"wpsisac-image-slide-wrap\" >\r\t\t\t<img  src=\"https:\/\/cortapelo.com\/wp-content\/uploads\/2017\/10\/Apartament-33-Joan-Santacana-arte-contemporaneo-calafell-arte-apartamentos-tur\u00edsticos-copia.jpg\" alt=\"\" \/>\r\t\t<\/div>\r\t<\/div><div class=\"wpsisac-image-slide\">  \r\t\t\t<div class=\"wpsisac-image-slide-wrap\" >\r\t\t\t<img  src=\"https:\/\/cortapelo.com\/wp-content\/uploads\/2017\/10\/Apartament-33-Joan-Santacana-arte-contemporaneo-calafell-arte-apartamentos-tur\u00edsticos-pinturas-copia.jpg\" alt=\"\" \/>\r\t\t<\/div>\r\t<\/div><div class=\"wpsisac-image-slide\">  \r\t\t\t<div class=\"wpsisac-image-slide-wrap\" >\r\t\t\t<img  src=\"https:\/\/cortapelo.com\/wp-content\/uploads\/2017\/10\/Apartament-33-Mamba-Pinka-arte-contemporaneo-calafell-arte-apartamentos-tur\u00edsticos-copia.jpg\" alt=\"\" \/>\r\t\t<\/div>\r\t<\/div><div class=\"wpsisac-image-slide\">  \r\t\t\t<div class=\"wpsisac-image-slide-wrap\" >\r\t\t\t<img  src=\"https:\/\/cortapelo.com\/wp-content\/uploads\/2017\/10\/Apartament-33-Mamba-Pinka-performance-arte-contemporaneo-calafell-arte-apartamentos-tur\u00edsticos-copia.jpg\" alt=\"\" \/>\r\t\t<\/div>\r\t<\/div><div class=\"wpsisac-image-slide\">  \r\t\t\t<div class=\"wpsisac-image-slide-wrap\" >\r\t\t\t<img  src=\"https:\/\/cortapelo.com\/wp-content\/uploads\/2017\/10\/Apartament-33-Mandala-apartments-alvar-calvet-arte-arte-contemporaneo-copia.jpg\" alt=\"\" \/>\r\t\t<\/div>\r\t<\/div><div class=\"wpsisac-image-slide\">  \r\t\t\t<div class=\"wpsisac-image-slide-wrap\" >\r\t\t\t<img  src=\"https:\/\/cortapelo.com\/wp-content\/uploads\/2017\/10\/Apartament-33-Marc-Quintana-arte-contemporaneo-calafell-arte-apartamentos-tur\u00edsticos-copia.jpg\" alt=\"\" \/>\r\t\t<\/div>\r\t<\/div><div class=\"wpsisac-image-slide\">  \r\t\t\t<div class=\"wpsisac-image-slide-wrap\" >\r\t\t\t<img  src=\"https:\/\/cortapelo.com\/wp-content\/uploads\/2017\/10\/Apartament-33-Marc-Sabate-arte-contemporaneo-calafell-arte-apartamentos-tur\u00edsticos-copia.jpg\" alt=\"\" \/>\r\t\t<\/div>\r\t<\/div><div class=\"wpsisac-image-slide\">  \r\t\t\t<div class=\"wpsisac-image-slide-wrap\" >\r\t\t\t<img  src=\"https:\/\/cortapelo.com\/wp-content\/uploads\/2017\/10\/Apartament-33-Sans-Olmedo-arte-contemporaneo-calafell-arte-apartamentos-tur\u00edsticos-copia.jpg\" alt=\"\" \/>\r\t\t<\/div>\r\t<\/div><div class=\"wpsisac-image-slide\">  \r\t\t\t<div class=\"wpsisac-image-slide-wrap\" >\r\t\t\t<img  src=\"https:\/\/cortapelo.com\/wp-content\/uploads\/2017\/10\/Apartament-33-Silvia-Angelet-arte-contemporaneo-calafell-arte-apartamentos-tur\u00edsticos-copia.jpg\" alt=\"\" \/>\r\t\t<\/div>\r\t<\/div><div class=\"wpsisac-image-slide\">  \r\t\t\t<div class=\"wpsisac-image-slide-wrap\" >\r\t\t\t<img  src=\"https:\/\/cortapelo.com\/wp-content\/uploads\/2017\/10\/apartament-33-silvia-angelet-calafell-apartamentos-arte-apartamentos-vacaciones-apartamentos-turisticos-arte-contemporaneo-arte-copia.jpg\" alt=\"\" \/>\r\t\t<\/div>\r\t<\/div><div class=\"wpsisac-image-slide\">  \r\t\t\t<div class=\"wpsisac-image-slide-wrap\" >\r\t\t\t<img  src=\"https:\/\/cortapelo.com\/wp-content\/uploads\/2017\/10\/Apartament-33-Xavi-Millan-arte-contemporaneo-calafell-arte-apartamentos-tur\u00edsticos-copia.jpg\" alt=\"\" \/>\r\t\t<\/div>\r\t<\/div><div class=\"wpsisac-image-slide\">  \r\t\t\t<div class=\"wpsisac-image-slide-wrap\" >\r\t\t\t<img  src=\"https:\/\/cortapelo.com\/wp-content\/uploads\/2017\/10\/Apartament33-Aura-Gum\u00e0-arte-calafell-arte-contemporaneo-apartamentos-tur\u00edstico-apartamento-vacaciones-copia.jpg\" alt=\"\" \/>\r\t\t<\/div>\r\t<\/div><div class=\"wpsisac-image-slide\">  \r\t\t\t<div class=\"wpsisac-image-slide-wrap\" >\r\t\t\t<img  src=\"https:\/\/cortapelo.com\/wp-content\/uploads\/2017\/10\/Apartament33-Lurdes-Juncosa-arte-calafell-arte-contemporaneo-apartamentos-tur\u00edstico-apartamento-vacaciones-copia.jpg\" alt=\"\" \/>\r\t\t<\/div>\r\t<\/div><div class=\"wpsisac-image-slide\">  \r\t\t\t<div class=\"wpsisac-image-slide-wrap\" >\r\t\t\t<img  src=\"https:\/\/cortapelo.com\/wp-content\/uploads\/2017\/10\/Apartament33-Marc-Quintana-arte-calafell-arte-contemporaneo-apartamentos-tur\u00edstico-apartamento-vacaciones-copia.jpg\" alt=\"\" \/>\r\t\t<\/div>\r\t<\/div><div class=\"wpsisac-image-slide\">  \r\t\t\t<div class=\"wpsisac-image-slide-wrap\" >\r\t\t\t<img  src=\"https:\/\/cortapelo.com\/wp-content\/uploads\/2017\/10\/Apartament33-Micaela-\u00d2scar-Vivesarte-calafell-arte-contemporaneo-apartamentos-tur\u00edstico-apartamento-vacaciones-copia.jpg\" alt=\"\" \/>\r\t\t<\/div>\r\t<\/div><div class=\"wpsisac-image-slide\">  \r\t\t\t<div class=\"wpsisac-image-slide-wrap\" >\r\t\t\t<img  src=\"https:\/\/cortapelo.com\/wp-content\/uploads\/2017\/10\/Apartament33-Miquel-Sabat\u00e9-arte-calafell-arte-contemporaneo-apartamentos-tur\u00edstico-apartamento-vacaciones-copia.jpg\" alt=\"\" \/>\r\t\t<\/div>\r\t<\/div><div class=\"wpsisac-image-slide\">  \r\t\t\t<div class=\"wpsisac-image-slide-wrap\" >\r\t\t\t<img  src=\"https:\/\/cortapelo.com\/wp-content\/uploads\/2017\/10\/Apartament33-Montse-G-Papiolarte-calafell-arte-contemporaneo-apartamentos-tur\u00edstico-apartamento-vacaciones.jpg\" alt=\"(Espa\u00f1ol) imagenes\" \/>\r\t\t<\/div>\r\t<\/div><div class=\"wpsisac-image-slide\">  \r\t\t\t<div class=\"wpsisac-image-slide-wrap\" >\r\t\t\t<img  src=\"https:\/\/cortapelo.com\/wp-content\/uploads\/2017\/10\/Apartament33-Roser-Oter-arte-calafell-arte-contemporaneo-apartamentos-tur\u00edstico-apartamento-vacaciones-copia.jpg\" alt=\"(Espa\u00f1ol) imagenes\" \/>\r\t\t<\/div>\r\t<\/div><div class=\"wpsisac-image-slide\">  \r\t\t\t<div class=\"wpsisac-image-slide-wrap\" >\r\t\t\t<img  src=\"https:\/\/cortapelo.com\/wp-content\/uploads\/2017\/10\/Apartament33-Silvia-Angelet-arte-calafell-arte-contemporaneo-apartamentos-tur\u00edstico-apartamento-vacaciones-copia.jpg\" alt=\"(Espa\u00f1ol) imagenes\" \/>\r\t\t<\/div>\r\t<\/div><div class=\"wpsisac-image-slide\">  \r\t\t\t<div class=\"wpsisac-image-slide-wrap\" >\r\t\t\t<img  src=\"https:\/\/cortapelo.com\/wp-content\/uploads\/2017\/10\/Apartament33-Vicky-Benitez-arte-calafell-arte-contemporaneo-apartamentos-tur\u00edstico-apartamento-vacaciones.jpg\" alt=\"(Espa\u00f1ol) imagenes\" \/>\r\t\t<\/div>\r\t<\/div><div class=\"wpsisac-image-slide\">  \r\t\t\t<div class=\"wpsisac-image-slide-wrap\" >\r\t\t\t<img  src=\"https:\/\/cortapelo.com\/wp-content\/uploads\/2017\/10\/ultimo-apartament-33-logotip-arte-contemporaneo-calafell-arte-apartamentos-tur\u00edsticos-1.jpg\" alt=\"(Espa\u00f1ol) imagenes\" \/>\r\t\t<\/div>\r\t<\/div>\t\t\t<\/div>\r\t\t<\/div>\r\t<\/p>    <div  class=\" fw-divider-full-width fw-divider-space  space-sm \" style=\"width:auto%;  \" ><\/div>\n    <div  class=\" fw-divider-full-width fw-divider-space  space-sm \" style=\"width:auto%;  \" ><\/div>\n<div class=\"builder-embed-video\">\n    \n        <div class=\"embed-responsive video-ifrm embed-responsive-16by9 \"> \n          <!--For vimeo-->\n          <iframe width=\"200\" height=\"113\" src=\"https:\/\/www.youtube.com\/embed\/ALqr_iSsXek?feature=oembed\" frameborder=\"0\" allow=\"autoplay; encrypted-media\" allowfullscreen><\/iframe>        <\/div>\n    <\/div>        <\/div>\n    <\/div>\n\n\n<\/div><\/div>\n\n    <\/div>\n    <\/div>\n\n<\/p>\n","protected":false},"excerpt":{"rendered":"","protected":false},"author":1,"featured_media":0,"parent":0,"menu_order":0,"comment_status":"closed","ping_status":"closed","template":"template-fullwidth.php","meta":[],"_links":{"self":[{"href":"https:\/\/cortapelo.com\/en\/wp-json\/wp\/v2\/pages\/613"}],"collection":[{"href":"https:\/\/cortapelo.com\/en\/wp-json\/wp\/v2\/pages"}],"about":[{"href":"https:\/\/cortapelo.com\/en\/wp-json\/wp\/v2\/types\/page"}],"author":[{"embeddable":true,"href":"https:\/\/cortapelo.com\/en\/wp-json\/wp\/v2\/users\/1"}],"replies":[{"embeddable":true,"href":"https:\/\/cortapelo.com\/en\/wp-json\/wp\/v2\/comments?post=613"}],"version-history":[{"count":61,"href":"https:\/\/cortapelo.com\/en\/wp-json\/wp\/v2\/pages\/613\/revisions"}],"predecessor-version":[{"id":1018,"href":"https:\/\/cortapelo.com\/en\/wp-json\/wp\/v2\/pages\/613\/revisions\/1018"}],"wp:attachment":[{"href":"https:\/\/cortapelo.com\/en\/wp-json\/wp\/v2\/media?parent=613"}],"curies":[{"name":"wp","href":"https:\/\/api.w.org\/{rel}","templated":true}]}}