{"id":451,"date":"2017-09-27T10:34:40","date_gmt":"2017-09-27T10:34:40","guid":{"rendered":"https:\/\/cortapelo.com\/?page_id=451"},"modified":"2018-02-03T18:36:16","modified_gmt":"2018-02-03T18:36:16","slug":"contacto","status":"publish","type":"page","link":"https:\/\/cortapelo.com\/en\/contacto\/","title":{"rendered":"(Espa\u00f1ol) Contacto"},"content":{"rendered":"<p>\n\n<div id=\"div-69e17f15745c1\" class=\"fw-main-row section-spacing   auto \"  style=\"  \"  >\n    <div class=\"fw-container\">\n        <div class=\"fw-row\">\n\t\n\n<div id=\"column-69e17f157471b\" class=\" fw-col-md-12       wow fadeIn\" data-wow-offset=\"100\" data-wow-duration=\"1.5s\" style=\"  \">\n        <div class=\"fw-main-row\">\n        <div class=\"fw-col-inner\" >\n                <div  class=\" fw-divider-full-width fw-divider-space  space-lg \" style=\"width:auto%;  \" ><\/div>\n        <\/div>\n    <\/div>\n\n\n<\/div><\/div>\n\n<div class=\"fw-row\">\n\t\n\n<div id=\"column-69e17f157487d\" class=\" fw-col-md-12       wow fadeIn\" data-wow-offset=\"100\" data-wow-duration=\"1.5s\" style=\"  \">\n        <div class=\"fw-main-row\">\n        <div class=\"fw-col-inner\" >\n                <div  class=\" fw-divider-full-width fw-divider-space  space-lg \" style=\"width:auto%;  \" ><\/div>\n        <\/div>\n    <\/div>\n\n\n<\/div><\/div>\n\n    <\/div>\n    <\/div>\n\n\n\n<div id=\"div-69e17f1574955\" class=\"fw-main-row section-spacing   auto \"  style=\"  \"  >\n    <div class=\"fw-container\">\n        <div class=\"fw-row\">\n\t\n\n<div id=\"column-69e17f1574abd\" class=\" fw-col-md-8       wow fadeIn\" data-wow-offset=\"100\" data-wow-duration=\"1.5s\" style=\"  \">\n        <div class=\"fw-main-row\">\n        <div class=\"fw-col-inner\" >\n            <div class=\"simple-title\">\n<h3 class=\"fw-title wow fadeInTop animated text-left\" data-wow-duration=\"1.5s\" style=\"color:#097f62;\">Enviar solicitud de contacto<\/h3>\n<span class=\"sub\"><\/span>\n<\/div><p><b>Si ten\u00e9is cualquier pregunta, duda o sugerencia, \u00a1\u00a1contactad con nosotros!!<\/b><\/p><p><div role=\"form\" class=\"wpcf7\" id=\"wpcf7-f956-o1\" lang=\"es-ES\" dir=\"ltr\">\n<div class=\"screen-reader-response\"><p role=\"status\" aria-live=\"polite\" aria-atomic=\"true\"><\/p> <ul><\/ul><\/div>\n<form action=\"\/en\/wp-json\/wp\/v2\/pages\/451#wpcf7-f956-o1\" method=\"post\" class=\"wpcf7-form init foo bar\" novalidate=\"novalidate\" data-status=\"init\">\n<div style=\"display: none;\">\n<input type=\"hidden\" name=\"_wpcf7\" value=\"956\" \/>\n<input type=\"hidden\" name=\"_wpcf7_version\" value=\"5.5.6.1\" \/>\n<input type=\"hidden\" name=\"_wpcf7_locale\" value=\"es_ES\" \/>\n<input type=\"hidden\" name=\"_wpcf7_unit_tag\" value=\"wpcf7-f956-o1\" \/>\n<input type=\"hidden\" name=\"_wpcf7_container_post\" value=\"0\" \/>\n<input type=\"hidden\" name=\"_wpcf7_posted_data_hash\" value=\"\" \/>\n<\/div>\n<p><label> Nombre (requerido)<br \/>\n    <span class=\"wpcf7-form-control-wrap your-name\"><input type=\"text\" name=\"your-name\" value=\"\" size=\"40\" class=\"wpcf7-form-control wpcf7-text wpcf7-validates-as-required\" aria-required=\"true\" aria-invalid=\"false\" \/><\/span> <\/label><\/p>\n<p><label> Tu correo electr\u00f3nico (requerido)<br \/>\n    <span class=\"wpcf7-form-control-wrap your-email\"><input type=\"email\" name=\"your-email\" value=\"\" size=\"40\" class=\"wpcf7-form-control wpcf7-text wpcf7-email wpcf7-validates-as-required wpcf7-validates-as-email\" aria-required=\"true\" aria-invalid=\"false\" \/><\/span> <\/label><\/p>\n<p><label> Asunto<br \/>\n    <span class=\"wpcf7-form-control-wrap your-subject\"><input type=\"text\" name=\"your-subject\" value=\"\" size=\"40\" class=\"wpcf7-form-control wpcf7-text\" aria-invalid=\"false\" \/><\/span> <\/label><\/p>\n<p><label> Mensaje<br \/>\n    <span class=\"wpcf7-form-control-wrap your-message\"><textarea name=\"your-message\" cols=\"40\" rows=\"10\" class=\"wpcf7-form-control wpcf7-textarea\" aria-invalid=\"false\"><\/textarea><\/span> <\/label><\/p>\n<p><input type=\"submit\" value=\"Enviar\" class=\"wpcf7-form-control has-spinner wpcf7-submit\" \/><\/p>\n<div class=\"wpcf7-response-output\" aria-hidden=\"true\"><\/div><\/form><\/div><\/p>        <\/div>\n    <\/div>\n\n\n<\/div>\n\n<div id=\"column-69e17f15751d5\" class=\" fw-col-md-3       wow fadeIn\" data-wow-offset=\"100\" data-wow-duration=\"1.5s\" style=\"  \">\n        <div class=\"fw-main-row\">\n        <div class=\"fw-col-inner\" >\n            <div class=\"fw-single-image  fw-single-image-center _none\" style=\"width: 160px;\">\n\t\t    <img src=\"\/\/cortapelo.com\/wp-content\/uploads\/2017\/09\/logo-mandala-transp.png\" class=\"img-responsive\" alt=\"\"  \/>\n\t<\/div>    <div  class=\" fw-divider-full-width fw-divider-space  space-sm \" style=\"width:auto%;  \" ><\/div>\n<div class=\"iconbox iconbox-style2 clearfix\">\n\t<div class=\"iconbox-icon\">\n\t\t<i class=\"icon-location-pin icons\"><\/i>\n\t<\/div>\n\t\t\t<h4>Direcci\u00f3n<\/h4>\n\t\t<p>Carrer Vilamar, 33 Calafell\n43820 Tarragona, Espa\u00f1a<\/p>\n<\/div><div class=\"iconbox iconbox-style2 clearfix\">\n\t<div class=\"iconbox-icon\">\n\t\t<i class=\"fa fa-envelope-o\"><\/i>\n\t<\/div>\n\t\t\t<h4>E-mail<\/h4>\n\t\t<p>Contact@cortapelo.com<\/p>\n<\/div><div class=\"iconbox iconbox-style2 clearfix\">\n\t<div class=\"iconbox-icon\">\n\t\t<i class=\"icon-phone icons\"><\/i>\n\t<\/div>\n\t\t\t<h4>Tel\u00e9fono<\/h4>\n\t\t<p> +34 610 71 31 47<\/p>\n<\/div>        <\/div>\n    <\/div>\n\n\n<\/div><\/div>\n\n    <\/div>\n    <\/div>\n\n<\/p>\n","protected":false},"excerpt":{"rendered":"<p>Enviar solicitud de contacto Si ten\u00e9is cualquier pregunta, duda o sugerencia, \u00a1\u00a1contactad con nosotros!! Nombre (requerido) Tu correo electr\u00f3nico (requerido) Asunto Mensaje Direcci\u00f3n Carrer Vilamar, 33 Calafell 43820 Tarragona, Espa\u00f1a E-mail Contact@cortapelo.com Tel\u00e9fono +34 610 71 31 47<\/p>\n","protected":false},"author":1,"featured_media":0,"parent":0,"menu_order":0,"comment_status":"closed","ping_status":"closed","template":"template-fullwidth.php","meta":[],"_links":{"self":[{"href":"https:\/\/cortapelo.com\/en\/wp-json\/wp\/v2\/pages\/451"}],"collection":[{"href":"https:\/\/cortapelo.com\/en\/wp-json\/wp\/v2\/pages"}],"about":[{"href":"https:\/\/cortapelo.com\/en\/wp-json\/wp\/v2\/types\/page"}],"author":[{"embeddable":true,"href":"https:\/\/cortapelo.com\/en\/wp-json\/wp\/v2\/users\/1"}],"replies":[{"embeddable":true,"href":"https:\/\/cortapelo.com\/en\/wp-json\/wp\/v2\/comments?post=451"}],"version-history":[{"count":30,"href":"https:\/\/cortapelo.com\/en\/wp-json\/wp\/v2\/pages\/451\/revisions"}],"predecessor-version":[{"id":958,"href":"https:\/\/cortapelo.com\/en\/wp-json\/wp\/v2\/pages\/451\/revisions\/958"}],"wp:attachment":[{"href":"https:\/\/cortapelo.com\/en\/wp-json\/wp\/v2\/media?parent=451"}],"curies":[{"name":"wp","href":"https:\/\/api.w.org\/{rel}","templated":true}]}}