{"id":431,"date":"2017-09-27T09:45:31","date_gmt":"2017-09-27T09:45:31","guid":{"rendered":"https:\/\/cortapelo.com\/?page_id=431"},"modified":"2017-10-17T16:48:20","modified_gmt":"2017-10-17T16:48:20","slug":"propietarios","status":"publish","type":"page","link":"https:\/\/cortapelo.com\/en\/propietarios\/","title":{"rendered":"(Espa\u00f1ol) Propietarios"},"content":{"rendered":"<p>\n\n<div id=\"div-69e17e43e0da8\" class=\"fw-main-row section-spacing   auto \"  style=\"  \"  >\n    <div class=\"fw-container\">\n        <div class=\"fw-row\">\n\t\n\n<div id=\"column-69e17e43e0f33\" class=\" fw-col-md-12       wow fadeIn\" data-wow-offset=\"100\" data-wow-duration=\"1.5s\" style=\"  \">\n        <div class=\"fw-main-row\">\n        <div class=\"fw-col-inner\" >\n                <div  class=\" fw-divider-full-width fw-divider-space  space-lg \" style=\"width:auto%;  \" ><\/div>\n        <\/div>\n    <\/div>\n\n\n<\/div><\/div>\n\n<div class=\"fw-row\">\n\t\n\n<div id=\"column-69e17e43e10d0\" class=\" fw-col-md-12       wow fadeIn\" data-wow-offset=\"100\" data-wow-duration=\"1.5s\" style=\"  \">\n        <div class=\"fw-main-row\">\n        <div class=\"fw-col-inner\" >\n                <div  class=\" fw-divider-full-width fw-divider-space  space-md \" style=\"width:auto%;  \" ><\/div>\n        <\/div>\n    <\/div>\n\n\n<\/div><\/div>\n\n    <\/div>\n    <\/div>\n\n\n\n<div id=\"div-69e17e43e11a6\" class=\"fw-main-row section-spacing   auto \"  style=\"  \"  >\n    <div class=\"fw-container\">\n        <div class=\"fw-row\">\n\t\n\n<div id=\"column-69e17e43e12e7\" class=\" fw-col-md-12       wow fadeIn\" data-wow-offset=\"100\" data-wow-duration=\"1.5s\" style=\"  \">\n        <div class=\"fw-main-row\">\n        <div class=\"fw-col-inner\" >\n            <div class=\"simple-title\">\n<h3 class=\"fw-title wow fadeInTop animated text-left\" data-wow-duration=\"1.5s\" style=\"color:#097f62;\">Propietarios<\/h3>\n<span class=\"sub\"><\/span>\n<\/div>        <\/div>\n    <\/div>\n\n\n<\/div><\/div>\n\n<div class=\"fw-row\">\n\t\n\n<div id=\"column-69e17e43e148e\" class=\" fw-col-md-8       wow fadeIn\" data-wow-offset=\"100\" data-wow-duration=\"1.5s\" style=\"  \">\n        <div class=\"fw-main-row\">\n        <div class=\"fw-col-inner\" >\n            <p>Pon\u00e9os en manos de los mejores profesionales, MANDALA Apartments:<\/p><p>-Una empresa de intermediaci\u00f3n tur\u00edstica especializada en el alquiler de apartamentos.<br \/>-Una consultora de servicios tur\u00edsticos vinculada a la comercializaci\u00f3n online de apartamentos tur\u00edsticos.<br \/>-Una empresa tur\u00edstica asociada al Sello de Calidad Mandala Apartaments<\/p><p>Si sois propietarios de un piso en Calafell y dese\u00e1is aprovechar los beneficios de alquilarlo por temporadas, Mandala Apartments es la mejor opci\u00f3n para su gesti\u00f3n.<br \/>Desde Mandala Apartments ofrecemos a nuestros clientes una amplia gama de opciones para la gesti\u00f3n completa o parcial de su propiedad, adapt\u00e1ndonos a sus necesidades.<\/p>        <\/div>\n    <\/div>\n\n\n<\/div>\n\n<div id=\"column-69e17e43e157a\" class=\" fw-col-md-4       wow fadeIn\" data-wow-offset=\"100\" data-wow-duration=\"1.5s\" style=\"  \">\n        <div class=\"fw-main-row\">\n        <div class=\"fw-col-inner\" >\n            <div class=\"fw-single-image   image_border\" >\n\t\t    <img src=\"\/\/cortapelo.com\/wp-content\/uploads\/2017\/09\/propietarios.jpg\" class=\"img-responsive\" alt=\"\"  \/>\n\t<\/div>        <\/div>\n    <\/div>\n\n\n<\/div><\/div>\n\n    <\/div>\n    <\/div>\n\n\n\n<div id=\"div-69e17e43e168a\" class=\"fw-main-row section-spacing   auto \"  style=\"  \"  >\n    <div class=\"fw-container\">\n        <div class=\"fw-row\">\n\t\n\n<div id=\"column-69e17e43e174e\" class=\" fw-col-md-12       wow fadeIn\" data-wow-offset=\"100\" data-wow-duration=\"1.5s\" style=\"  \">\n        <div class=\"fw-main-row\">\n        <div class=\"fw-col-inner\" >\n                <div  class=\" fw-divider-full-width fw-divider-space  space-md \" style=\"width:auto%;  \" ><\/div>\n        <\/div>\n    <\/div>\n\n\n<\/div><\/div>\n\n    <\/div>\n    <\/div>\n\n\n\n<div id=\"div-69e17e43e181e\" class=\"fw-main-row section-spacing   auto \"  style=\"  \"  >\n    <div class=\"fw-container\">\n        <div class=\"fw-row\">\n\t\n\n<div id=\"column-69e17e43e18e5\" class=\" fw-col-md-12       wow fadeIn\" data-wow-offset=\"100\" data-wow-duration=\"1.5s\" style=\"  \">\n        <div class=\"fw-main-row\">\n        <div class=\"fw-col-inner\" >\n            <div class=\"simple-title\">\n<h3 class=\"fw-title wow fadeInTop animated text-left\" data-wow-duration=\"1.5s\" style=\"color:#097f62;\">Por qu\u00e9 ten\u00e9is que confiar en nosotros:<\/h3>\n<span class=\"sub\"><\/span>\n<\/div>        <\/div>\n    <\/div>\n\n\n<\/div><\/div>\n\n<div class=\"fw-row\">\n\t\n\n<div id=\"column-69e17e43e1a11\" class=\" fw-col-md-3       wow fadeIn\" data-wow-offset=\"100\" data-wow-duration=\"1.5s\" style=\"  \">\n        <div class=\"fw-main-row\">\n        <div class=\"fw-col-inner\" >\n            <div class=\"fw-single-image   image_border\" >\n\t\t    <img src=\"\/\/cortapelo.com\/wp-content\/uploads\/2017\/09\/propietarios_1.jpg\" class=\"img-responsive\" alt=\"\"  \/>\n\t<\/div><p><b style=\"color: #097f62;\">Para ahorraros tiempo y dinero.<\/b><br \/>Una casa vac\u00eda sale cara, y s\u00f3lo alquilarla en agosto no da ni para los gastos.<br \/>Vosotros nos dec\u00eds cuanto quer\u00e9is ganar y nosotros os presentamos nuestra propuesta<\/p>        <\/div>\n    <\/div>\n\n\n<\/div>\n\n<div id=\"column-69e17e43e1b41\" class=\" fw-col-md-3       wow fadeIn\" data-wow-offset=\"100\" data-wow-duration=\"1.5s\" style=\"  \">\n        <div class=\"fw-main-row\">\n        <div class=\"fw-col-inner\" >\n            <div class=\"fw-single-image   image_border\" >\n\t\t    <img src=\"\/\/cortapelo.com\/wp-content\/uploads\/2017\/09\/propietarios_2.jpg\" class=\"img-responsive\" alt=\"\"  \/>\n\t<\/div><p><b style=\"color: #097f62;\">Para no tener trabajo.<\/b><br \/>No perd\u00e1is tiempo, dejad que nosotros trabajemos por vosotros.<br \/>Nos encargamos de:<br \/>-Buscar los inquilinos y de tramitar todo el papeleo.<br \/>-La gesti\u00f3n y de la comercializaci\u00f3n tur\u00edstica.<br \/>-La limpieza y del mantenimiento de vuestra propiedad.<\/p>        <\/div>\n    <\/div>\n\n\n<\/div>\n\n<div id=\"column-69e17e43e1c2d\" class=\" fw-col-md-3       wow fadeIn\" data-wow-offset=\"100\" data-wow-duration=\"1.5s\" style=\"  \">\n        <div class=\"fw-main-row\">\n        <div class=\"fw-col-inner\" >\n            <div class=\"fw-single-image   image_border\" >\n\t\t    <img src=\"\/\/cortapelo.com\/wp-content\/uploads\/2017\/09\/propietarios_3.jpg\" class=\"img-responsive\" alt=\"\"  \/>\n\t<\/div><p><b style=\"color: #097f62;\">Para no tener problemas de cobro:<\/b><br \/>Alquilad vuestro piso y dormid tranquilos.<br \/>Nosotros nos encargamos del cobro y de velar por el buen estado de vuestra propiedad.<br \/>Y recibir\u00e9is el pago del alquiler en dos pagas a lo largo del a\u00f1o, sin demoras ni problemas.<\/p>        <\/div>\n    <\/div>\n\n\n<\/div>\n\n<div id=\"column-69e17e43e1d00\" class=\" fw-col-md-3       wow fadeIn\" data-wow-offset=\"100\" data-wow-duration=\"1.5s\" style=\"  \">\n        <div class=\"fw-main-row\">\n        <div class=\"fw-col-inner\" >\n            <div class=\"fw-single-image   image_border\" >\n\t\t    <img src=\"\/\/cortapelo.com\/wp-content\/uploads\/2017\/09\/propietarios_4.jpg\" class=\"img-responsive\" alt=\"\"  \/>\n\t<\/div><p><b style=\"color: #097f62;\">Para tener disposici\u00f3n de vuestro piso.<\/b><br \/>Pod\u00e9is disponer de vuestro piso cuando quer\u00e1is.<br \/>Nos adaptamos a vuestras necesidades y por ello, queremos que pod\u00e1is contar con vuestro piso siempre que lo necesit\u00e9is.<\/p>        <\/div>\n    <\/div>\n\n\n<\/div><\/div>\n\n    <\/div>\n    <\/div>\n\n\n\n<div id=\"div-69e17e43e1de7\" class=\"fw-main-row section-spacing   auto \"  style=\"  \"  >\n    <div class=\"fw-container\">\n        <div class=\"fw-row\">\n\t\n\n<div id=\"column-69e17e43e1f23\" class=\" fw-col-sm-12    texto_apartamentos5   wow fadeIn\" data-wow-offset=\"100\" data-wow-duration=\"1.5s\" style=\"  \">\n        <div class=\"fw-main-row\">\n        <div class=\"fw-col-inner\" >\n            <p style=\"text-align: center;\"><b>PREGUNTAD POR NUESTRO PLAN RENOVE<\/b><br \/>Ten\u00e9is un piso desfasado, viejo, en malas condiciones\u2026 nosotros nos encargamos de la rehabilitaci\u00f3n y de la puesta a punto de vuestra propiedad. Preguntad por nuestro plan renove.<br \/>Estamos a vuestra disposici\u00f3n para que nos consult\u00e9is todas vuestras dudas.<\/p>\n\n\n\t<div class=\"text-center \"><a href=\"http:\/\/www.mandalapartments.com\/contacto\/\" target=\"_self\"  class=\"btn btn-primary btn-md\" title=\"CONTACTAD CON NOSOTROS\">\n\t\t CONTACTAD CON NOSOTROS\t<\/a>\n\t<\/div>        <\/div>\n    <\/div>\n\n\n<\/div><\/div>\n\n<div class=\"fw-row\">\n\t\n\n<div id=\"column-69e17e43e20f0\" class=\" fw-col-md-12       wow fadeIn\" data-wow-offset=\"100\" data-wow-duration=\"1.5s\" style=\"  \">\n        <div class=\"fw-main-row\">\n        <div class=\"fw-col-inner\" >\n                <div  class=\" fw-divider-full-width fw-divider-space  space-lg \" style=\"width:auto%;  \" ><\/div>\n        <\/div>\n    <\/div>\n\n\n<\/div><\/div>\n\n    <\/div>\n    <\/div>\n\n<\/p>\n","protected":false},"excerpt":{"rendered":"<p>Propietarios Pon\u00e9os en manos de los mejores profesionales, MANDALA Apartments:-Una empresa de intermediaci\u00f3n tur\u00edstica especializada en el alquiler de apartamentos.-Una consultora de servicios tur\u00edsticos vinculada a la comercializaci\u00f3n online de apartamentos tur\u00edsticos.-Una empresa tur\u00edstica asociada al Sello de Calidad Mandala ApartamentsSi sois propietarios de un piso en Calafell y dese\u00e1is<a class=\"more-link\" href=\"https:\/\/cortapelo.com\/en\/propietarios\/\">Continue Reading&#8230;<\/a><\/p>\n","protected":false},"author":1,"featured_media":0,"parent":0,"menu_order":0,"comment_status":"closed","ping_status":"closed","template":"template-fullwidth.php","meta":[],"_links":{"self":[{"href":"https:\/\/cortapelo.com\/en\/wp-json\/wp\/v2\/pages\/431"}],"collection":[{"href":"https:\/\/cortapelo.com\/en\/wp-json\/wp\/v2\/pages"}],"about":[{"href":"https:\/\/cortapelo.com\/en\/wp-json\/wp\/v2\/types\/page"}],"author":[{"embeddable":true,"href":"https:\/\/cortapelo.com\/en\/wp-json\/wp\/v2\/users\/1"}],"replies":[{"embeddable":true,"href":"https:\/\/cortapelo.com\/en\/wp-json\/wp\/v2\/comments?post=431"}],"version-history":[{"count":18,"href":"https:\/\/cortapelo.com\/en\/wp-json\/wp\/v2\/pages\/431\/revisions"}],"predecessor-version":[{"id":698,"href":"https:\/\/cortapelo.com\/en\/wp-json\/wp\/v2\/pages\/431\/revisions\/698"}],"wp:attachment":[{"href":"https:\/\/cortapelo.com\/en\/wp-json\/wp\/v2\/media?parent=431"}],"curies":[{"name":"wp","href":"https:\/\/api.w.org\/{rel}","templated":true}]}}