{"id":402,"date":"2017-09-27T08:38:44","date_gmt":"2017-09-27T08:38:44","guid":{"rendered":"https:\/\/cortapelo.com\/?page_id=402"},"modified":"2017-10-13T15:40:46","modified_gmt":"2017-10-13T15:40:46","slug":"como-llegar","status":"publish","type":"page","link":"https:\/\/cortapelo.com\/en\/como-llegar\/","title":{"rendered":"(Espa\u00f1ol) C\u00f3mo llegar"},"content":{"rendered":"\n\n<div id=\"div-69e17e45671a8\" class=\"fw-main-row section-spacing   auto \"  style=\"  \"  >\n    <div class=\"fw-container\">\n        <div class=\"fw-row\">\n\t\n\n<div id=\"column-69e17e456741c\" class=\" fw-col-md-12       wow fadeIn\" data-wow-offset=\"100\" data-wow-duration=\"1.5s\" style=\"  \">\n        <div class=\"fw-main-row\">\n        <div class=\"fw-col-inner\" >\n                <div  class=\" fw-divider-full-width fw-divider-space  space-lg \" style=\"width:auto%;  \" ><\/div>\n        <\/div>\n    <\/div>\n\n\n<\/div><\/div>\n\n<div class=\"fw-row\">\n\t\n\n<div id=\"column-69e17e4567674\" class=\" fw-col-md-12       wow fadeIn\" data-wow-offset=\"100\" data-wow-duration=\"1.5s\" style=\"  \">\n        <div class=\"fw-main-row\">\n        <div class=\"fw-col-inner\" >\n                <div  class=\" fw-divider-full-width fw-divider-space  space-md \" style=\"width:auto%;  \" ><\/div>\n        <\/div>\n    <\/div>\n\n\n<\/div><\/div>\n\n<div class=\"fw-row\">\n\t\n\n<div id=\"column-69e17e45678a4\" class=\" fw-col-md-12       wow fadeIn\" data-wow-offset=\"100\" data-wow-duration=\"1.5s\" style=\"  \">\n        <div class=\"fw-main-row\">\n        <div class=\"fw-col-inner\" >\n            <div class=\"simple-title\">\n<h3 class=\"fw-title wow fadeInTop animated text-left\" data-wow-duration=\"1.5s\" style=\"color:#097f62;\">C\u00f3mo llegar<\/h3>\n<span class=\"sub\"><\/span>\n<\/div>        <\/div>\n    <\/div>\n\n\n<\/div><\/div>\n\n<div class=\"fw-row\">\n\t\n\n<div id=\"column-69e17e4567af2\" class=\" fw-col-md-6       wow fadeIn\" data-wow-offset=\"100\" data-wow-duration=\"1.5s\" style=\"  \">\n        <div class=\"fw-main-row\">\n        <div class=\"fw-col-inner\" >\n            <p><span style=\"color: #585858;\"><b>Estamos situados en el municipio de Calafell, <\/b><\/span><span style=\"color: #585858;\"><b>en el centro del barrio mar\u00edtimo, <\/b><\/span><span style=\"color: #585858;\"><b>en plena zona peatonal y a 50 metros de la playa.<\/b><\/span><\/p><p><span>(Est\u00e1 prohibido entrar en coche a la peatonal sin autorizaci\u00f3n, si tienes una reserva contacta con nosotros para indicarte como podr\u00e1s acceder a tu apartamento)<\/span><\/p><p><b>Llegar en coche:<\/b><br \/>Las carreteras de acceso a Calafell s\u00f3n la\u00a0C-31\u00a0i la\u00a0N-340.\u00a0<br \/>Las autopistas\u00a0para llegar a Calafell son  C-32,\u00a0AP-7\u00a0i\u00a0AP-2.<\/p><p><b>Aeropuertos m\u00e1s cercanos:<\/b><br \/>Barcelona (El Prat) a 50 km de Calafell.<br \/>Reus, a 35 km de Calafell.<\/p><p><b>Llegar en transporte p\u00fablico: <\/b><\/p><p><a href=\"http:\/\/www.monbus.cat\/es\/\" target=\"_blank\" rel=\"noopener\"><b><u>Horarios de bus<\/u><\/b><\/a><\/p><p><a href=\"http:\/\/rodalies.gencat.cat\/es\/linies_estacions_i_trens\/servei_rodalia_barcelona\/r2s\/\" target=\"_blank\" rel=\"noopener\"><b><u>Horarios de tren \"Rodalies Catalunya\"<\/u><\/b><\/a><\/p><p><a href=\"http:\/\/calafell.cat\/serveis\/mobilitat-transport\/taxis-calafell\" target=\"_blank\" rel=\"noopener\"><b>Servicio de taxis<\/b><\/a><\/p>        <\/div>\n    <\/div>\n\n\n<\/div>\n\n<div id=\"column-69e17e4567c63\" class=\" fw-col-md-6       wow fadeIn\" data-wow-offset=\"100\" data-wow-duration=\"1.5s\" style=\"  \">\n        <div class=\"fw-main-row\">\n        <div class=\"fw-col-inner\" >\n            <div class=\"fw-map\" data-locations=\"[{&quot;title&quot;:&quot;Calafell&quot;,&quot;url&quot;:&quot;&quot;,&quot;thumb&quot;:false,&quot;coordinates&quot;:{&quot;lat&quot;:41.1876609,&quot;lng&quot;:1.571122},&quot;description&quot;:&quot;&quot;}]\" data-map-type=\"ROADMAP\" data-map-height=\"\" data-gmap-key=\" AIzaSyCSN1aMu8H0AePkwZuAnUhGqFulgJ6lKkw \" data-disable-scrolling=\"\" >\n\t<div class=\"fw-map-canvas\"><\/div>\n<\/div>        <\/div>\n    <\/div>\n\n\n<\/div><\/div>\n\n<div class=\"fw-row\">\n\t\n\n<div id=\"column-69e17e45681a1\" class=\" fw-col-md-12       wow fadeIn\" data-wow-offset=\"100\" data-wow-duration=\"1.5s\" style=\"  \">\n        <div class=\"fw-main-row\">\n        <div class=\"fw-col-inner\" >\n                <div  class=\" fw-divider-full-width fw-divider-space  space-md \" style=\"width:auto%;  \" ><\/div>\n        <\/div>\n    <\/div>\n\n\n<\/div><\/div>\n\n<div class=\"fw-row\">\n\t\n\n<div id=\"column-69e17e456837f\" class=\" fw-col-sm-12    texto_apartamentos2   wow fadeIn\" data-wow-offset=\"100\" data-wow-duration=\"1.5s\" style=\"  \">\n        <div class=\"fw-main-row\">\n        <div class=\"fw-col-inner\" >\n            <p style=\"text-align: center;\"><b>Distancias:<\/b><br \/>Barcelona ciudad: 60 minutos en tren<br \/>Barcelona ciudad: 60 minutos en coche por autopista AP-7<br \/>Tarragona ciudad: 20 minutos.<br \/>Aeropuerto de Reus: 40 minutos.<br \/>Aeropuerto El Prat (Barcelona): 50 minutos.<br \/>Idiada: 15 minutos<br \/>Recinto ferial \u201cFira 2 de l\u2019Hospitalet\u201d: 45 minutos <\/p>        <\/div>\n    <\/div>\n\n\n<\/div><\/div>\n\n<div class=\"fw-row\">\n\t\n\n<div id=\"column-69e17e456853a\" class=\" fw-col-md-12       wow fadeIn\" data-wow-offset=\"100\" data-wow-duration=\"1.5s\" style=\"  \">\n        <div class=\"fw-main-row\">\n        <div class=\"fw-col-inner\" >\n                <div  class=\" fw-divider-full-width fw-divider-space  space-md \" style=\"width:auto%;  \" ><\/div>\n        <\/div>\n    <\/div>\n\n\n<\/div><\/div>\n\n    <\/div>\n    <\/div>\n\n\n","protected":false},"excerpt":{"rendered":"<p>C\u00f3mo llegar Estamos situados en el municipio de Calafell, en el centro del barrio mar\u00edtimo, en plena zona peatonal y a 50 metros de la playa.(Est\u00e1 prohibido entrar en coche a la peatonal sin autorizaci\u00f3n, si tienes una reserva contacta con nosotros para indicarte como podr\u00e1s acceder a tu apartamento)Llegar<a class=\"more-link\" href=\"https:\/\/cortapelo.com\/en\/como-llegar\/\">Continue Reading&#8230;<\/a><\/p>\n","protected":false},"author":1,"featured_media":0,"parent":0,"menu_order":0,"comment_status":"closed","ping_status":"closed","template":"template-fullwidth.php","meta":[],"_links":{"self":[{"href":"https:\/\/cortapelo.com\/en\/wp-json\/wp\/v2\/pages\/402"}],"collection":[{"href":"https:\/\/cortapelo.com\/en\/wp-json\/wp\/v2\/pages"}],"about":[{"href":"https:\/\/cortapelo.com\/en\/wp-json\/wp\/v2\/types\/page"}],"author":[{"embeddable":true,"href":"https:\/\/cortapelo.com\/en\/wp-json\/wp\/v2\/users\/1"}],"replies":[{"embeddable":true,"href":"https:\/\/cortapelo.com\/en\/wp-json\/wp\/v2\/comments?post=402"}],"version-history":[{"count":13,"href":"https:\/\/cortapelo.com\/en\/wp-json\/wp\/v2\/pages\/402\/revisions"}],"predecessor-version":[{"id":611,"href":"https:\/\/cortapelo.com\/en\/wp-json\/wp\/v2\/pages\/402\/revisions\/611"}],"wp:attachment":[{"href":"https:\/\/cortapelo.com\/en\/wp-json\/wp\/v2\/media?parent=402"}],"curies":[{"name":"wp","href":"https:\/\/api.w.org\/{rel}","templated":true}]}}