{"id":390,"date":"2017-09-25T12:16:10","date_gmt":"2017-09-25T12:16:10","guid":{"rendered":"https:\/\/cortapelo.com\/?page_id=390"},"modified":"2017-10-17T16:42:17","modified_gmt":"2017-10-17T16:42:17","slug":"funcionamiento-y-condiciones","status":"publish","type":"page","link":"https:\/\/cortapelo.com\/en\/funcionamiento-y-condiciones\/","title":{"rendered":"(Espa\u00f1ol) Condiciones"},"content":{"rendered":"\n\n<div id=\"div-69e18f0fdaa15\" class=\"fw-main-row section-spacing   auto \"  style=\"  \"  >\n    <div class=\"fw-container\">\n        <div class=\"fw-row\">\n\t\n\n<div id=\"column-69e18f0fdabc8\" class=\" fw-col-md-12       wow fadeIn\" data-wow-offset=\"100\" data-wow-duration=\"1.5s\" style=\"  \">\n        <div class=\"fw-main-row\">\n        <div class=\"fw-col-inner\" >\n                <div  class=\" fw-divider-full-width fw-divider-space  space-lg \" style=\"width:auto%;  \" ><\/div>\n        <\/div>\n    <\/div>\n\n\n<\/div><\/div>\n\n<div class=\"fw-row\">\n\t\n\n<div id=\"column-69e18f0fdad82\" class=\" fw-col-md-12       wow fadeIn\" data-wow-offset=\"100\" data-wow-duration=\"1.5s\" style=\"  \">\n        <div class=\"fw-main-row\">\n        <div class=\"fw-col-inner\" >\n                <div  class=\" fw-divider-full-width fw-divider-space  space-md \" style=\"width:auto%;  \" ><\/div>\n        <\/div>\n    <\/div>\n\n\n<\/div><\/div>\n\n<div class=\"fw-row\">\n\t\n\n<div id=\"column-69e18f0fdaeff\" class=\" fw-col-md-12       wow fadeIn\" data-wow-offset=\"100\" data-wow-duration=\"1.5s\" style=\"  \">\n        <div class=\"fw-main-row\">\n        <div class=\"fw-col-inner\" >\n            <div class=\"simple-title\">\n<h3 class=\"fw-title wow fadeInTop animated text-left\" data-wow-duration=\"1.5s\" style=\"color:#097f62;\">Funcionamiento y Condiciones<\/h3>\n<span class=\"sub\"><\/span>\n<\/div>        <\/div>\n    <\/div>\n\n\n<\/div><\/div>\n\n<div class=\"fw-row\">\n\t\n\n<div id=\"column-69e18f0fdb0d2\" class=\" fw-col-md-12       wow fadeIn\" data-wow-offset=\"100\" data-wow-duration=\"1.5s\" style=\"  \">\n        <div class=\"fw-main-row\">\n        <div class=\"fw-col-inner\" >\n            <p><b>Definici\u00f3n de servicios:<\/b><\/p><p>Las fechas marcadas en el contrato se refieren a las noches de principio y final del alquiler. La salida es el d\u00eda siguiente a la \u00faltima noche reservada.<br \/> El alquiler semanal se entiende, salvo pacto expreso, entrada el s\u00e1bado a las 16h00 y salida el s\u00e1bado siguiente a las 10h00. Total 7 noches.<br \/> El alquiler de fin de semana se entiende entrada el viernes a las 16:00 h. y salida el domingo a cualquier hora (total 2 noches).<br \/> Del 28 Junio al 29 de Agosto, el alquiler m\u00ednimo de los apartamentos se har\u00e1 solamente por semanas completas, de s\u00e1bado a s\u00e1bado.<br \/> Para confirmar la reserva es necesario efectuar una paga y se\u00f1al de 250 euros mediante transferencia a la cuenta de Mandala Apartments. Una vez efectuado el pago de la paga y se\u00f1al se acusar\u00e1 recibo del abono de la transferencia y la confirmaci\u00f3n definitiva de la reserva.<br \/> El hu\u00e9sped abonar\u00e1 el importe total de la reserva en efectivo o mediante tarjeta de cr\u00e9dito ( VISA O MASTERCARD) a su entrada al apartamento.<br \/> El importe entregado como paga y se\u00f1al quedar\u00e1 en concepto de fianza, que ser\u00e1 retornada al finalizar la estancia, despu\u00e9s de la comprobaci\u00f3n del \u00f3ptimo estado de las instalaciones.<br \/> Los servicios complementarios tales como la tasa tur\u00edstica, el servicio de limpieza o el parking no se calculan autom\u00e1ticamente en el importe total, y deber\u00e1n pagarse por separado al final de la estancia.<\/p><p><b>Tasa tur\u00edstica<\/b><\/p><p>Seg\u00fan la Generalitat de Catalunya, se aplicar\u00e1 (IEET) Impuesto sobre las Estancias en Establecimientos Tur\u00edsticos, se debe pagar una tasa tur\u00edstica por persona y noche en los alojamientos tur\u00edsticos ubicados en territorio catal\u00e1n.<br \/> La tasa tur\u00edstica en apartamentos es de 0.45 \u20ac (menores de 4 a\u00f1os excluidos) por persona noche (m\u00e1ximo 7 noches). La tasa tur\u00edstica se abonar\u00e1 con la factura del establecimiento al principio de la estancia.<\/p><p><b>Entrega de llaves \u2013 Check-in<\/b><\/p><p>A la entrada al apartamento, el hu\u00e9sped abonar\u00e1 el importe de la reserva y librar\u00e1 la documentaci\u00f3n de todos los ocupantes del mismo. En este momento la persona responsable del check-in le entregar\u00e1 dos juegos de llaves del apartamento.<br \/> Tenga cuidado: si pierde las llaves del apartamento, se le cobrar\u00e1 la cantidad adicional de 30 \u20ac por juego de llaves.<br \/> <b>Dep\u00f3sito fianza<\/b><\/p><p>La cantidad asignada de fianza es de 250\u20ac.<br \/> Se puede pagar en met\u00e1lico, o mediante una pre-autorizaci\u00f3n en su tarjeta de cr\u00e9dito.<br \/> Esta cantidad ser\u00e1 reembolsada \u00edntegramente al hu\u00e9sped una vez retornadas las llaves y despu\u00e9s de haber supervisado el \u00f3ptimo estado del apartamento.<br \/> Los da\u00f1os efectuados al mobiliario, las instalaciones o al equipamiento comportar\u00e1n un pago compensatorio relativo a la valoraci\u00f3n del desperfecto ocasionado, que ser\u00e1 retirado de la fianza.<\/p><p><b>Instalaciones y equipamiento<\/b><\/p><p>El apartamento dispone de un sistema \u00edntegro de climatizaci\u00f3n. El sistema se activa y se regula la temperatura mediante un dispositivo que encontrar\u00e1 adosado a la pared del comedor. Al asignar una temperatura y activar el dispositivo, el sistema de climatizaci\u00f3n se autoregula. En el caso de encontrar-se alguna ventana o puerta abierta, la climatizaci\u00f3n del apartamento se interrumpe. Por lo tanto, ser\u00e1 necesario cerrar todas las puertas y ventanas del apartamento si queremos tener la temperatura deseada.<br \/> Cuando se paraliza el climatizador, debemos cerrar todas las oberturas y reiniciar el sistema de nuevo.<\/p><p><b>WIFI<\/b><br \/> El apartamento dispone de una red WIFI gratuita accesible a los hu\u00e9spedes del mismo. A la entrega de las llaves le ser\u00e1n entregadas las claves de acceso. Cada apartamento consta de un repetidor de se\u00f1al con acceso a 8 terminales.<\/p><p><b>Televisi\u00f3n<\/b><\/p><p>El apartamento est\u00e1 equipado con un terminal Smart TV, que puede ser conectado a la red WIFI. Rogamos tengan un uso responsable y cuidadoso del televisor y su mando a distancia.<\/p><p>Ropa del hogar<\/p><p>El alquiler incluye s\u00e1banas y toallas para los hu\u00e9spedes, ya dispuestas en las camas y los ba\u00f1os. Los mismos deber\u00e1n hacerse responsable de su cuidado y lavado durante su estancia.<br \/> Servicio semanal de limpieza opcional a contratar a aparte.<\/p><p>Cocina<\/p><p>La cocina est\u00e1 totalmente equipada con:<\/p><p>\u2022 Lavavajillas<br \/> \u2022 Horno microondas<br \/> \u2022 Nevera<br \/> \u2022 Horno<br \/> \u2022 Placa vitrocer\u00e1mica<br \/> \u2022 Miniprimer<br \/> \u2022 Cafetera el\u00e9ctrica<br \/> \u2022 Tostadora<br \/> \u2022 Hervidor de agua el\u00e9ctrico<br \/> Utensilios varios de cocina<br \/> \u2022 Paellas<br \/> \u2022 Cazo<br \/> \u2022 Olla<br \/> \u2022 Tuperwares<br \/> \u2022 Espumadera<br \/> \u2022 Tijeras<br \/> \u2022 2 Cuchillos carne<\/p><p>Menaje para 12 comensales:<\/p><p>\u2022 Platos<br \/> \u2022 Vasos bajos<br \/> \u2022 Vasos altos<br \/> \u2022 Platos grandes<br \/> \u2022 Peque\u00f1os<br \/> \u2022 Medianos<br \/> \u2022 Cubiertos<\/p><p>Menaje para 6 comensales:<\/p><p>\u2022 Copas de vino degustaci\u00f3n<br \/> \u2022 Copas de cava<br \/> \u2022 Tazas y platos de caf\u00e9<br \/> \u2022 Tazas y platos de caf\u00e9 con leche<br \/> \u2022 Tazas de te<\/p><p>Fregadero<\/p><p>En la parte interior del apartamento y anexo a la cocina se ha habilitado un espacio con todos los \u00fatiles de limpieza, tablero para planchar, lavadora, tendederos y termos de agua.<br \/> Rogamos no tender ropa muy mojada para no importunar los vecinos de plantas inferiores.<br \/> En el caso de no disponer de agua caliente, rogamos no manipular los termos y notificar la incidencia al encargado del apartamento para que esta pueda ser resuelta.<\/p><p><b>T\u00e9rminos y condiciones Check-out<\/b><\/p><p>El apartamento debe ser abandonado antes de las 12 horas del mediod\u00eda.<br \/> A partir de este momento la persona al cargo de la limpieza preparar\u00e1 el piso para el siguiente cliente.<br \/> La paga y se\u00f1al ser\u00e1 retornada a la entrega de llaves y previa supervisi\u00f3n del apartamento.<br \/> El apartamento deber\u00e1 estar entregado en un estado razonable, la cual incluye sacar la basura y lavar la vajilla. En caso de no reunir estas condiciones, o se requerir\u00e1 un extra de limpieza a raz\u00f3n de 30 \u20ac m\u00ednimo.<br \/> Dos d\u00edas antes de su partida, el hu\u00e9sped notificar\u00e1 la hora de su salida. El personal encargado tramitar\u00e1 la autorizaci\u00f3n municipal para facilitar el acceso de su veh\u00edculo a la zona peatonal.<\/p><p><b>Responsabilidades<\/b><\/p><p>La direcci\u00f3n no se hace responsable de ning\u00fan da\u00f1o directo o indirecto que pueda surgir como consecuencia de:<br \/> - el comportamiento de los ocupantes del apartamento, incluidos animales tales como fuego, vandalismo, robo u otro comportamiento delictivo<\/p><p><b>N\u00famero e identidad de los clientes<\/b><\/p><p>El cliente informar\u00e1 a la direcci\u00f3n del n\u00famero de ocupantes del apartamento incluidos en la reserva. Si el n\u00famero de ocupantes es superior a la capacidad del apartamento, ser\u00e1 necesario pedir autorizaci\u00f3n.<br \/> El apartamento estar\u00e1 ocupado por el n\u00famero de personas indicadas en la reserva del apartamento, excepto los menores de 4 a\u00f1os. El incremento no autorizado de ocupantes puede comportar la p\u00e9rdida parcial o total de la fianza.<br \/> En el caso de viajar con mascotas, ser\u00e1 necesario solicitar permiso previo a la direcci\u00f3n de los apartamentos.<\/p><p>En el momento que estas normas sean infringidas, la direcci\u00f3n estar\u00e1 capacitada para pedir a los clientes que abandonen el apartamento, sin ofrecer ning\u00fan tipo de compensaci\u00f3n a cambio.<br \/> <b>Convivencia Mandala<\/b><\/p><p>Se ruega silencio entre las 11 de la noche y las 9 de la ma\u00f1ana.<br \/> Se exigen unas normas b\u00e1sicas de convivencia y de respeto con los otros visitantes y vecinos. Por este motivo se debe tener cuidado en la organizaci\u00f3n de fiestas, m\u00fasica excesivamente alta y disturbios varios.<br \/> El cliente es responsable del comportamiento de las personas de las cuales va acompa\u00f1ado y se encuentren en su apartamento.<\/p><p>Apreciamos vuestra colaboraci\u00f3n en este asunto en todo momento.<br \/> Mandala Apartments es un proyecto comprometido con la calidad y el confort. Rogamos nos comuniqu\u00e9is cualquier incidencia con el equipamiento, vuestras opiniones y experiencias para poder mejorar el servicio.<br \/> Las presentes condiciones pueden ser consultadas en la web www.mandalapartments.com.<br \/> Pod\u00e9is dejar v cuestrosomentarios por escrito en el buz\u00f3n de sugerencias, o mandarlos al correo contact@cortapelo.com<br \/> <b>Esperemos que vuestra estancia sea agradable.<\/b><\/p><p><b>Sensibles con el medio ambiente.<\/b><br \/> Rogamos no regular temperaturas inferiores a 25 grados en verano ni superiores a 20 grados en invierno.<br \/> El sistema de agua caliente de Mandala est\u00e1 alimentado con energ\u00eda solar. Os agradecemos un consumo responsable.<br \/> Los apartamentos est\u00e1n aislados ac\u00fasticamente y acristalados con los m\u00e1ximos par\u00e1metros de eficiencia energ\u00e9tica.<br \/> Los productos de limpieza que utilizamos son biodegradables.<br \/> Nosotros reciclamos y esperamos que vosotros tambi\u00e9n lo hag\u00e1is.<br \/> Colaborando para un mundo mejor.<\/p>        <\/div>\n    <\/div>\n\n\n<\/div><\/div>\n\n<div class=\"fw-row\">\n\t\n\n<div id=\"column-69e18f0fdb347\" class=\" fw-col-sm-3       wow fadeIn\" data-wow-offset=\"100\" data-wow-duration=\"1.5s\" style=\"  \">\n        <div class=\"fw-main-row\">\n        <div class=\"fw-col-inner\" >\n            <div class=\"iconbox iconbox-style1 clearfix\">\n\t<div class=\"iconbox-icon\">\n\t\t<i class=\"fa fa-check-square\"><\/i>\n\t<\/div>\n\t\t\t<h3>Garant\u00eda de calidad<\/h3>\n\t\t<p>Nuestros apartamentos son revisados y gestionados personalmente<\/p>\n<\/div>        <\/div>\n    <\/div>\n\n\n<\/div>\n\n<div id=\"column-69e18f0fdb468\" class=\" fw-col-sm-3       wow fadeIn\" data-wow-offset=\"100\" data-wow-duration=\"1.5s\" style=\"  \">\n        <div class=\"fw-main-row\">\n        <div class=\"fw-col-inner\" >\n            <div class=\"iconbox iconbox-style1 clearfix\">\n\t<div class=\"iconbox-icon\">\n\t\t<i class=\"fa fa-euro\"><\/i>\n\t<\/div>\n\t\t\t<h3>Los mejores precios<\/h3>\n\t\t<p>Te ofrecemos el mejor precio sin cargos de gesti\u00f3n y con ofertas especiales<\/p>\n<\/div>        <\/div>\n    <\/div>\n\n\n<\/div>\n\n<div id=\"column-69e18f0fdb529\" class=\" fw-col-sm-3       wow fadeIn\" data-wow-offset=\"100\" data-wow-duration=\"1.5s\" style=\"  \">\n        <div class=\"fw-main-row\">\n        <div class=\"fw-col-inner\" >\n            <div class=\"iconbox iconbox-style1 clearfix\">\n\t<div class=\"iconbox-icon\">\n\t\t<i class=\"fa fa-calendar-o\"><\/i>\n\t<\/div>\n\t\t\t<h3>Reserva inmediata<\/h3>\n\t\t<p>Gestiona tus reservas f\u00e1cilmente\n\nNuestros calendarios son en tiempo real<\/p>\n<\/div>        <\/div>\n    <\/div>\n\n\n<\/div>\n\n<div id=\"column-69e18f0fdb5df\" class=\" fw-col-sm-3       wow fadeIn\" data-wow-offset=\"100\" data-wow-duration=\"1.5s\" style=\"  \">\n        <div class=\"fw-main-row\">\n        <div class=\"fw-col-inner\" >\n            <div class=\"iconbox iconbox-style1 clearfix\">\n\t<div class=\"iconbox-icon\">\n\t\t<i class=\"fa fa-map-marker\"><\/i>\n\t<\/div>\n\t\t\t<h3>La mejor ubicaci\u00f3n<\/h3>\n\t\t<p>En la zona peatonal de Calafell\n\nA 50 metros de la playa\nA 1 hora de Barcelona<\/p>\n<\/div>        <\/div>\n    <\/div>\n\n\n<\/div><\/div>\n\n<div class=\"fw-row\">\n\t\n\n<div id=\"column-69e18f0fdb6f8\" class=\" fw-col-md-12       wow fadeIn\" data-wow-offset=\"100\" data-wow-duration=\"1.5s\" style=\"  \">\n        <div class=\"fw-main-row\">\n        <div class=\"fw-col-inner\" >\n                <div  class=\" fw-divider-full-width fw-divider-space  space-md \" style=\"width:auto%;  \" ><\/div>\n        <\/div>\n    <\/div>\n\n\n<\/div><\/div>\n\n    <\/div>\n    <\/div>\n\n\n","protected":false},"excerpt":{"rendered":"<p>Funcionamiento y Condiciones Definici\u00f3n de servicios:Las fechas marcadas en el contrato se refieren a las noches de principio y final del alquiler. La salida es el d\u00eda siguiente a la \u00faltima noche reservada. El alquiler semanal se entiende, salvo pacto expreso, entrada el s\u00e1bado a las 16h00 y salida el<a class=\"more-link\" href=\"https:\/\/cortapelo.com\/en\/funcionamiento-y-condiciones\/\">Continue Reading&#8230;<\/a><\/p>\n","protected":false},"author":1,"featured_media":0,"parent":0,"menu_order":0,"comment_status":"closed","ping_status":"closed","template":"template-fullwidth.php","meta":[],"_links":{"self":[{"href":"https:\/\/cortapelo.com\/en\/wp-json\/wp\/v2\/pages\/390"}],"collection":[{"href":"https:\/\/cortapelo.com\/en\/wp-json\/wp\/v2\/pages"}],"about":[{"href":"https:\/\/cortapelo.com\/en\/wp-json\/wp\/v2\/types\/page"}],"author":[{"embeddable":true,"href":"https:\/\/cortapelo.com\/en\/wp-json\/wp\/v2\/users\/1"}],"replies":[{"embeddable":true,"href":"https:\/\/cortapelo.com\/en\/wp-json\/wp\/v2\/comments?post=390"}],"version-history":[{"count":6,"href":"https:\/\/cortapelo.com\/en\/wp-json\/wp\/v2\/pages\/390\/revisions"}],"predecessor-version":[{"id":693,"href":"https:\/\/cortapelo.com\/en\/wp-json\/wp\/v2\/pages\/390\/revisions\/693"}],"wp:attachment":[{"href":"https:\/\/cortapelo.com\/en\/wp-json\/wp\/v2\/media?parent=390"}],"curies":[{"name":"wp","href":"https:\/\/api.w.org\/{rel}","templated":true}]}}