{"id":371,"date":"2017-09-23T15:16:14","date_gmt":"2017-09-23T15:16:14","guid":{"rendered":"https:\/\/cortapelo.com\/?page_id=371"},"modified":"2017-10-17T16:39:25","modified_gmt":"2017-10-17T16:39:25","slug":"servicios-para-empresas","status":"publish","type":"page","link":"https:\/\/cortapelo.com\/en\/servicios-para-empresas\/","title":{"rendered":"(Espa\u00f1ol) Servicios para empresas"},"content":{"rendered":"\n\n<div id=\"div-69e17e55bcecd\" class=\"fw-main-row section-spacing   auto \"  style=\"  \"  >\n    <div class=\"fw-container\">\n        <div class=\"fw-row\">\n\t\n\n<div id=\"column-69e17e55bd008\" class=\" fw-col-md-12       wow fadeIn\" data-wow-offset=\"100\" data-wow-duration=\"1.5s\" style=\"  \">\n        <div class=\"fw-main-row\">\n        <div class=\"fw-col-inner\" >\n                <div  class=\" fw-divider-full-width fw-divider-space  space-lg \" style=\"width:auto%;  \" ><\/div>\n        <\/div>\n    <\/div>\n\n\n<\/div><\/div>\n\n<div class=\"fw-row\">\n\t\n\n<div id=\"column-69e17e55bd1d4\" class=\" fw-col-md-12       wow fadeIn\" data-wow-offset=\"100\" data-wow-duration=\"1.5s\" style=\"  \">\n        <div class=\"fw-main-row\">\n        <div class=\"fw-col-inner\" >\n                <div  class=\" fw-divider-full-width fw-divider-space  space-md \" style=\"width:auto%;  \" ><\/div>\n        <\/div>\n    <\/div>\n\n\n<\/div><\/div>\n\n<div class=\"fw-row\">\n\t\n\n<div id=\"column-69e17e55bd323\" class=\" fw-col-md-12       wow fadeIn\" data-wow-offset=\"100\" data-wow-duration=\"1.5s\" style=\"  \">\n        <div class=\"fw-main-row\">\n        <div class=\"fw-col-inner\" >\n            <div class=\"simple-title\">\n<h3 class=\"fw-title wow fadeInTop animated text-left\" data-wow-duration=\"1.5s\" style=\"color:#097f62;\">Servicios para empresas<\/h3>\n<span class=\"sub\"><\/span>\n<\/div>        <\/div>\n    <\/div>\n\n\n<\/div><\/div>\n\n<div class=\"fw-row\">\n\t\n\n<div id=\"column-69e17e55bd45e\" class=\" fw-col-md-6       wow fadeIn\" data-wow-offset=\"100\" data-wow-duration=\"1.5s\" style=\"  \">\n        <div class=\"fw-main-row\">\n        <div class=\"fw-col-inner\" >\n            <div class=\"fw-single-image   image_border\" >\n\t\t    <img src=\"\/\/cortapelo.com\/wp-content\/uploads\/2017\/09\/serviciosempresas.jpg\" class=\"img-responsive\" alt=\"\"  \/>\n\t<\/div>        <\/div>\n    <\/div>\n\n\n<\/div>\n\n<div id=\"column-69e17e55bd51e\" class=\" fw-col-md-6       wow fadeIn\" data-wow-offset=\"100\" data-wow-duration=\"1.5s\" style=\"  \">\n        <div class=\"fw-main-row\">\n        <div class=\"fw-col-inner\" >\n            <p><span style=\"color:#00acc9;\">ALOJAMIENTO:<\/span><\/p><p>Nos ocupamos personalmente de atender las necesidades de hospedaje de vuestra empresa, tanto de vuestros clientes , como de vuestros colaboradores o de los trabajadores desplazados.<br \/>Explicadnos vuestras necesidades y elaboramos un presupuesto, adaptando un alojamiento acorde con vuestras demandas.<br \/>Nuestros apartamentos son tambi\u00e9n ideales para el cliente de empresa, porque el confort y el trabajo no tiene que estar re\u00f1idos.<br \/>Equipados con Wifi gratuito, Smart TV, climatizaci\u00f3n y todas las comodidades del siglo XXI, alojarnos en Mandala despu\u00e9s del trabajo es un peque\u00f1o lujo al alcance de pocos.<br \/>Tarifas especiales para estancias Business y clientes de negocios de lunes a viernes.<\/p>        <\/div>\n    <\/div>\n\n\n<\/div><\/div>\n\n<div class=\"fw-row\">\n\t\n\n<div id=\"column-69e17e55bd633\" class=\" fw-col-md-12       wow fadeIn\" data-wow-offset=\"100\" data-wow-duration=\"1.5s\" style=\"  \">\n        <div class=\"fw-main-row\">\n        <div class=\"fw-col-inner\" >\n                <div  class=\" fw-divider-full-width fw-divider-space  space-md \" style=\"width:auto%;  \" ><\/div>\n        <\/div>\n    <\/div>\n\n\n<\/div><\/div>\n\n<div class=\"fw-row\">\n\t\n\n<div id=\"column-69e17e55bd75a\" class=\" fw-col-md-6       wow fadeIn\" data-wow-offset=\"100\" data-wow-duration=\"1.5s\" style=\"  \">\n        <div class=\"fw-main-row\">\n        <div class=\"fw-col-inner\" >\n            <p><span style=\"color:#00acc9\">ALQUILER DE SALAS DE TRABAJO:<\/span><\/p><p>Servicio personalizado para reuniones de empresa y alojamiento.<br \/>Espacios confortables, para trabajar en un entorno exclusivo.<br \/>Sala de trabajo y reuniones totalmente equipada con equipo de proyecci\u00f3n, conexi\u00f3n WIFI, cobertura de m\u00f3vil, DVD, televisi\u00f3n\u2026<br \/>Con un mobiliario totalmente nuevo, funcional y adaptable.<br \/>Sala de trabajo con privacidad total, iluminaci\u00f3n exterior y acceso para personas con problemas de movilidad.<\/p><p>Servicios complementarios de catering a medida, desayunos personalizados, coffee breaks, servicio de recogida a empresas, estaci\u00f3n de tren y aeropuerto.<br \/>Organizamos actividades complementarias de ocio para vuestras empresas.<\/p><p>Aforo: Mesa imperial: 30, forma teatro: 25, forma U: 20 personas.<br \/>Presupuestos a medida para empresas.<\/p>        <\/div>\n    <\/div>\n\n\n<\/div>\n\n<div id=\"column-69e17e55bd7ff\" class=\" fw-col-md-6       wow fadeIn\" data-wow-offset=\"100\" data-wow-duration=\"1.5s\" style=\"  \">\n        <div class=\"fw-main-row\">\n        <div class=\"fw-col-inner\" >\n            <div class=\"fw-single-image   image_border\" >\n\t\t    <img src=\"\/\/cortapelo.com\/wp-content\/uploads\/2017\/09\/espacios-reunion.jpg\" class=\"img-responsive\" alt=\"\"  \/>\n\t<\/div>        <\/div>\n    <\/div>\n\n\n<\/div><\/div>\n\n<div class=\"fw-row\">\n\t\n\n<div id=\"column-69e17e55bd907\" class=\" fw-col-md-12       wow fadeIn\" data-wow-offset=\"100\" data-wow-duration=\"1.5s\" style=\"  \">\n        <div class=\"fw-main-row\">\n        <div class=\"fw-col-inner\" >\n                <div  class=\" fw-divider-full-width fw-divider-space  space-lg \" style=\"width:auto%;  \" ><\/div>\n        <\/div>\n    <\/div>\n\n\n<\/div><\/div>\n\n<div class=\"fw-row\">\n\t\n\n<div id=\"column-69e17e55bda40\" class=\" fw-col-sm-12    texto_apartamentos2   wow fadeIn\" data-wow-offset=\"100\" data-wow-duration=\"1.5s\" style=\"  \">\n        <div class=\"fw-main-row\">\n        <div class=\"fw-col-inner\" >\n            <p style=\"text-align: center;\"><b>Distancias:<\/b><br \/>BCN ciudad, 60 minutos en tren<br \/>BCN ciudad, 60 minutos en coche por autopista AP-7<br \/>Distancia Tarragona ciudad. 20 minutos. 12 Km<br \/>Distancia aeropuerto Girona, 35 minutos. 24 Km<br \/>Distancia aeropuerto El Prat de Barcelona: 1h y 30 minutos. 130km<br \/>Distancia A 15 minutos de la ILiada<br \/>A 45 minutos del recinto ferial de la fira 2 de l\u2019HOSPITALET<\/p>        <\/div>\n    <\/div>\n\n\n<\/div><\/div>\n\n<div class=\"fw-row\">\n\t\n\n<div id=\"column-69e17e55bdb3d\" class=\" fw-col-md-12       wow fadeIn\" data-wow-offset=\"100\" data-wow-duration=\"1.5s\" style=\"  \">\n        <div class=\"fw-main-row\">\n        <div class=\"fw-col-inner\" >\n                <div  class=\" fw-divider-full-width fw-divider-space  space-lg \" style=\"width:auto%;  \" ><\/div>\n        <\/div>\n    <\/div>\n\n\n<\/div><\/div>\n\n    <\/div>\n    <\/div>\n\n\n","protected":false},"excerpt":{"rendered":"<p>Servicios para empresas ALOJAMIENTO:Nos ocupamos personalmente de atender las necesidades de hospedaje de vuestra empresa, tanto de vuestros clientes , como de vuestros colaboradores o de los trabajadores desplazados.Explicadnos vuestras necesidades y elaboramos un presupuesto, adaptando un alojamiento acorde con vuestras demandas.Nuestros apartamentos son tambi\u00e9n ideales para el cliente de<a class=\"more-link\" href=\"https:\/\/cortapelo.com\/en\/servicios-para-empresas\/\">Continue Reading&#8230;<\/a><\/p>\n","protected":false},"author":1,"featured_media":0,"parent":0,"menu_order":0,"comment_status":"closed","ping_status":"closed","template":"template-fullwidth.php","meta":[],"_links":{"self":[{"href":"https:\/\/cortapelo.com\/en\/wp-json\/wp\/v2\/pages\/371"}],"collection":[{"href":"https:\/\/cortapelo.com\/en\/wp-json\/wp\/v2\/pages"}],"about":[{"href":"https:\/\/cortapelo.com\/en\/wp-json\/wp\/v2\/types\/page"}],"author":[{"embeddable":true,"href":"https:\/\/cortapelo.com\/en\/wp-json\/wp\/v2\/users\/1"}],"replies":[{"embeddable":true,"href":"https:\/\/cortapelo.com\/en\/wp-json\/wp\/v2\/comments?post=371"}],"version-history":[{"count":10,"href":"https:\/\/cortapelo.com\/en\/wp-json\/wp\/v2\/pages\/371\/revisions"}],"predecessor-version":[{"id":691,"href":"https:\/\/cortapelo.com\/en\/wp-json\/wp\/v2\/pages\/371\/revisions\/691"}],"wp:attachment":[{"href":"https:\/\/cortapelo.com\/en\/wp-json\/wp\/v2\/media?parent=371"}],"curies":[{"name":"wp","href":"https:\/\/api.w.org\/{rel}","templated":true}]}}