{"id":306,"date":"2017-09-22T18:40:55","date_gmt":"2017-09-22T18:40:55","guid":{"rendered":"https:\/\/cortapelo.com\/?page_id=306"},"modified":"2018-03-08T17:10:45","modified_gmt":"2018-03-08T17:10:45","slug":"actividades","status":"publish","type":"page","link":"https:\/\/cortapelo.com\/en\/actividades\/","title":{"rendered":"(Espa\u00f1ol) Actividades"},"content":{"rendered":"\n\n<div id=\"div-69e1803eb8c58\" class=\"fw-main-row section-spacing   auto \"  style=\"  \"  >\n    <div class=\"fw-container\">\n        <div class=\"fw-row\">\n\t\n\n<div id=\"column-69e1803eb8e71\" class=\" fw-col-md-12       wow fadeIn\" data-wow-offset=\"100\" data-wow-duration=\"1.5s\" style=\"  \">\n        <div class=\"fw-main-row\">\n        <div class=\"fw-col-inner\" >\n            <p><link href=\"https:\/\/fonts.googleapis.com\/css?family=Open+Sans:400\" rel=\"stylesheet\" property=\"stylesheet\" type=\"text\/css\" media=\"all\">\n<div id=\"rev_slider_4_1_wrapper\" class=\"rev_slider_wrapper fullwidthbanner-container\" data-source=\"gallery\" style=\"margin:0px auto;background-color:transparent;padding:0px;margin-top:0px;margin-bottom:0px;\">\n<!-- START REVOLUTION SLIDER 5.3.1.5 fullwidth mode -->\n\t<div id=\"rev_slider_4_1\" class=\"rev_slider fullwidthabanner\" style=\"display:none;\" data-version=\"5.3.1.5\">\n<ul>\t<!-- SLIDE  -->\n\t<li data-index=\"rs-18\" data-transition=\"fade\" data-slotamount=\"default\" data-hideafterloop=\"0\" data-hideslideonmobile=\"off\"  data-easein=\"default\" data-easeout=\"default\" data-masterspeed=\"300\"  data-rotate=\"0\"  data-saveperformance=\"off\"  data-title=\"Slide\" data-param1=\"\" data-param2=\"\" data-param3=\"\" data-param4=\"\" data-param5=\"\" data-param6=\"\" data-param7=\"\" data-param8=\"\" data-param9=\"\" data-param10=\"\" data-description=\"\">\n\t\t<!-- MAIN IMAGE -->\n\t\t<img src=\"https:\/\/cortapelo.com\/wp-content\/uploads\/2017\/09\/actividades-fondo.jpg\"  alt=\"\" title=\"actividades-fondo\"  width=\"1880\" height=\"520\" data-bgposition=\"center center\" data-bgfit=\"cover\" data-bgrepeat=\"no-repeat\" data-bgparallax=\"off\" class=\"rev-slidebg\" data-no-retina>\n\t\t<!-- LAYERS -->\n\n\t\t<!-- LAYER NR. 1 -->\n\t\t<div class=\"tp-caption   tp-resizeme rs-parallaxlevel-5\" \n\t\t\t id=\"slide-18-layer-1\" \n\t\t\t data-x=\"center\" data-hoffset=\"-1\" \n\t\t\t data-y=\"center\" data-voffset=\"49\" \n\t\t\t\t\t\tdata-width=\"['auto']\"\n\t\t\tdata-height=\"['auto']\"\n \n\t\t\tdata-type=\"text\" \n\t\t\tdata-responsive_offset=\"on\" \n\n\t\t\tdata-frames='[{\"delay\":0,\"speed\":300,\"frame\":\"0\",\"from\":\"opacity:0;\",\"to\":\"o:1;\",\"ease\":\"Power3.easeInOut\"},{\"delay\":\"wait\",\"speed\":300,\"frame\":\"999\",\"to\":\"opacity:0;\",\"ease\":\"Power3.easeInOut\"}]'\n\t\t\tdata-textAlign=\"['inherit','inherit','inherit','inherit']\"\n\t\t\tdata-paddingtop=\"[0,0,0,0]\"\n\t\t\tdata-paddingright=\"[0,0,0,0]\"\n\t\t\tdata-paddingbottom=\"[0,0,0,0]\"\n\t\t\tdata-paddingleft=\"[0,0,0,0]\"\n\n\t\t\tstyle=\"z-index: 5; white-space: nowrap; font-size: 26px; line-height: 32px; font-weight: 400; color: rgba(255, 255, 255, 1.00);font-family:Open Sans;\">ACTIVIDADES QUE SE PUEDEN REALIZAR EN LA ZONA <\/div>\n\t<\/li>\n<\/ul>\n<div class=\"tp-bannertimer tp-bottom\" style=\"visibility: hidden !important;\"><\/div>\t<\/div>\n<script>var htmlDiv = document.getElementById(\"rs-plugin-settings-inline-css\"); var htmlDivCss=\"\";\r\n\t\t\t\tif(htmlDiv) {\r\n\t\t\t\t\thtmlDiv.innerHTML = htmlDiv.innerHTML + htmlDivCss;\r\n\t\t\t\t}else{\r\n\t\t\t\t\tvar htmlDiv = document.createElement(\"div\");\r\n\t\t\t\t\thtmlDiv.innerHTML = \"<style>\" + htmlDivCss + \"<\/style>\";\r\n\t\t\t\t\tdocument.getElementsByTagName(\"head\")[0].appendChild(htmlDiv.childNodes[0]);\r\n\t\t\t\t}\r\n\t\t\t<\/script>\n\t\t<script type=\"text\/javascript\">\r\n\t\t\t\t\t\t\/******************************************\r\n\t\t\t\t-\tPREPARE PLACEHOLDER FOR SLIDER\t-\r\n\t\t\t******************************************\/\r\n\r\n\t\t\tvar setREVStartSize=function(){\r\n\t\t\t\ttry{var e=new Object,i=jQuery(window).width(),t=9999,r=0,n=0,l=0,f=0,s=0,h=0;\r\n\t\t\t\t\te.c = jQuery('#rev_slider_4_1');\r\n\t\t\t\t\te.gridwidth = [1240];\r\n\t\t\t\t\te.gridheight = [268];\r\n\t\t\t\t\t\t\t\r\n\t\t\t\t\te.sliderLayout = \"fullwidth\";\r\n\t\t\t\t\tif(e.responsiveLevels&&(jQuery.each(e.responsiveLevels,function(e,f){f>i&&(t=r=f,l=e),i>f&&f>r&&(r=f,n=e)}),t>r&&(l=n)),f=e.gridheight[l]||e.gridheight[0]||e.gridheight,s=e.gridwidth[l]||e.gridwidth[0]||e.gridwidth,h=i\/s,h=h>1?1:h,f=Math.round(h*f),\"fullscreen\"==e.sliderLayout){var u=(e.c.width(),jQuery(window).height());if(void 0!=e.fullScreenOffsetContainer){var c=e.fullScreenOffsetContainer.split(\",\");if (c) jQuery.each(c,function(e,i){u=jQuery(i).length>0?u-jQuery(i).outerHeight(!0):u}),e.fullScreenOffset.split(\"%\").length>1&&void 0!=e.fullScreenOffset&&e.fullScreenOffset.length>0?u-=jQuery(window).height()*parseInt(e.fullScreenOffset,0)\/100:void 0!=e.fullScreenOffset&&e.fullScreenOffset.length>0&&(u-=parseInt(e.fullScreenOffset,0))}f=u}else void 0!=e.minHeight&&f<e.minHeight&&(f=e.minHeight);e.c.closest(\".rev_slider_wrapper\").css({height:f})\r\n\t\t\t\t\t\r\n\t\t\t\t}catch(d){console.log(\"Failure at Presize of Slider:\"+d)}\r\n\t\t\t};\r\n\t\t\t\r\n\t\t\tsetREVStartSize();\r\n\t\t\t\r\n\t\t\t\t\t\tvar tpj=jQuery;\r\n\t\t\t\r\n\t\t\tvar revapi4;\r\n\t\t\ttpj(document).ready(function() {\n\t\t\t\tif(tpj(\"#rev_slider_4_1\").revolution == undefined){\n\t\t\t\t\trevslider_showDoubleJqueryError(\"#rev_slider_4_1\");\n\t\t\t\t}else{\n\t\t\t\t\trevapi4 = tpj(\"#rev_slider_4_1\").show().revolution({\n\t\t\t\t\t\tsliderType:\"hero\",\njsFileLocation:\"\/\/cortapelo.com\/wp-content\/plugins\/revslider\/public\/assets\/js\/\",\n\t\t\t\t\t\tsliderLayout:\"fullwidth\",\n\t\t\t\t\t\tdottedOverlay:\"none\",\n\t\t\t\t\t\tdelay:9000,\n\t\t\t\t\t\tnavigation: {\n\t\t\t\t\t\t},\n\t\t\t\t\t\tvisibilityLevels:[1240,1024,778,480],\n\t\t\t\t\t\tgridwidth:1240,\n\t\t\t\t\t\tgridheight:268,\n\t\t\t\t\t\tlazyType:\"none\",\n\t\t\t\t\t\tscrolleffect: {\n\t\t\t\t\t\t\tfade:\"on\",\n\t\t\t\t\t\t},\n\t\t\t\t\t\tparallax: {\n\t\t\t\t\t\t\ttype:\"mouse+scroll\",\n\t\t\t\t\t\t\torigo:\"enterpoint\",\n\t\t\t\t\t\t\tspeed:400,\n\t\t\t\t\t\t\tlevels:[5,10,15,20,25,30,35,40,45,46,47,48,49,50,51,55],\n\t\t\t\t\t\t},\n\t\t\t\t\t\tshadow:0,\n\t\t\t\t\t\tspinner:\"spinner0\",\n\t\t\t\t\t\tautoHeight:\"off\",\n\t\t\t\t\t\tdisableProgressBar:\"on\",\n\t\t\t\t\t\thideThumbsOnMobile:\"off\",\n\t\t\t\t\t\thideSliderAtLimit:0,\n\t\t\t\t\t\thideCaptionAtLimit:0,\n\t\t\t\t\t\thideAllCaptionAtLilmit:0,\n\t\t\t\t\t\tdebugMode:false,\n\t\t\t\t\t\tfallbacks: {\n\t\t\t\t\t\t\tsimplifyAll:\"off\",\n\t\t\t\t\t\t\tdisableFocusListener:false,\n\t\t\t\t\t\t}\n\t\t\t\t\t});\n\t\t\t\t}\n\t\t\t});\t\/*ready*\/\n\t\t<\/script>\r\n\t\t<\/div><!-- END REVOLUTION SLIDER --><\/p>        <\/div>\n    <\/div>\n\n\n<\/div><\/div>\n\n<div class=\"fw-row\">\n\t\n\n<div id=\"column-69e1803ebbb48\" class=\" fw-col-md-12       wow fadeIn\" data-wow-offset=\"100\" data-wow-duration=\"1.5s\" style=\"  \">\n        <div class=\"fw-main-row\">\n        <div class=\"fw-col-inner\" >\n            \n<div class=\"fw-heading section-title heading-spacing text-left fw-heading-h3 wow fadeIn animated\" style=\"color:#447f71;\" >\n\t<h3 class='fw-special-title'>Turismo activo<\/h3><\/div>        <\/div>\n    <\/div>\n\n\n<\/div><\/div>\n\n<div class=\"fw-row\">\n\t\n\n<div id=\"column-69e1803ebbd27\" class=\" fw-col-md-12       wow fadeIn\" data-wow-offset=\"100\" data-wow-duration=\"1.5s\" style=\"  \">\n        <div class=\"fw-main-row\">\n        <div class=\"fw-col-inner\" >\n            <p>La \u00f3ptima situaci\u00f3n de Mandala apartments abre las puertas a practicar todo tipo de actividades y deportes en el entorno inmediato.<\/p>        <\/div>\n    <\/div>\n\n\n<\/div><\/div>\n\n<div class=\"fw-row\">\n\t\n\n<div id=\"column-69e1803ebbea6\" class=\" fw-col-md-12       wow fadeIn\" data-wow-offset=\"100\" data-wow-duration=\"1.5s\" style=\"  \">\n        <div class=\"fw-main-row\">\n        <div class=\"fw-col-inner\" >\n            <div class=\"attractions\">\n    <div class=\"grid\">\n        <div class=\"grid-sizer\"><\/div>\n        \n            <div class=\"grid-item grid-item--width2 grid-item--height1\">\n                <!--Attraction link start-->\n                <div class=\"attraction-link\">\n                    <a href=\"http:\/\/www.portsegurcalafell.com\/\" target=\"_blank\">\n                        <div class=\"attraction-img\">\n                            <div class=\"the-img\" style=\"background-image:url('\/\/cortapelo.com\/wp-content\/uploads\/2017\/09\/nautica.jpg');\"><\/div>\n\n                            <div class=\"attraction-overlay\">\n                                <i class=\"icon-link icons\"><\/i>\n                            <\/div>\n                        <\/div>\n\n                        <div class=\"attraction-caption\">\n                            <div class=\"attraction-caption-title\">N\u00e1utica<\/div>\n                            <div class=\"attraction-distance\">2 Km<\/div>\n                        <\/div>\n                    <\/a>\n                <\/div>\n                <!--Attraction link end-->\n            <\/div>\n\n        \n            <div class=\"grid-item grid-item--width1 grid-item--height2\">\n                <!--Attraction link start-->\n                <div class=\"attraction-link\">\n                    <a href=\"http:\/\/www.elvendrellturistic.com\/aula_aquatica.php\" target=\"_blank\">\n                        <div class=\"attraction-img\">\n                            <div class=\"the-img\" style=\"background-image:url('\/\/cortapelo.com\/wp-content\/uploads\/2017\/09\/submarinismo.jpg');\"><\/div>\n\n                            <div class=\"attraction-overlay\">\n                                <i class=\"icon-link icons\"><\/i>\n                            <\/div>\n                        <\/div>\n\n                        <div class=\"attraction-caption\">\n                            <div class=\"attraction-caption-title\">Submarinismo<\/div>\n                            <div class=\"attraction-distance\">10 Km<\/div>\n                        <\/div>\n                    <\/a>\n                <\/div>\n                <!--Attraction link end-->\n            <\/div>\n\n        \n            <div class=\"grid-item grid-item--width1 grid-item--height1\">\n                <!--Attraction link start-->\n                <div class=\"attraction-link\">\n                    <a href=\"http:\/\/www.clubnautic.com\/presentacio\/\" target=\"_blank\">\n                        <div class=\"attraction-img\">\n                            <div class=\"the-img\" style=\"background-image:url('\/\/cortapelo.com\/wp-content\/uploads\/2017\/09\/vela-1.jpg');\"><\/div>\n\n                            <div class=\"attraction-overlay\">\n                                <i class=\"icon-link icons\"><\/i>\n                            <\/div>\n                        <\/div>\n\n                        <div class=\"attraction-caption\">\n                            <div class=\"attraction-caption-title\">Vela<\/div>\n                            <div class=\"attraction-distance\">100 Mtrs<\/div>\n                        <\/div>\n                    <\/a>\n                <\/div>\n                <!--Attraction link end-->\n            <\/div>\n\n        \n            <div class=\"grid-item grid-item--width1 grid-item--height1\">\n                <!--Attraction link start-->\n                <div class=\"attraction-link\">\n                    <a href=\"http:\/\/www.elvendrellturistic.com\/traks_vendrell.php\" target=\"_blank\">\n                        <div class=\"attraction-img\">\n                            <div class=\"the-img\" style=\"background-image:url('\/\/cortapelo.com\/wp-content\/uploads\/2017\/09\/senderismo.jpg');\"><\/div>\n\n                            <div class=\"attraction-overlay\">\n                                <i class=\"icon-link icons\"><\/i>\n                            <\/div>\n                        <\/div>\n\n                        <div class=\"attraction-caption\">\n                            <div class=\"attraction-caption-title\">Rutas<\/div>\n                            <div class=\"attraction-distance\"><\/div>\n                        <\/div>\n                    <\/a>\n                <\/div>\n                <!--Attraction link end-->\n            <\/div>\n\n        \n            <div class=\"grid-item grid-item--width1 grid-item--height1\">\n                <!--Attraction link start-->\n                <div class=\"attraction-link\">\n                    <a href=\"http:\/\/burricleta.com\/ca\/centres\" target=\"_blank\">\n                        <div class=\"attraction-img\">\n                            <div class=\"the-img\" style=\"background-image:url('\/\/cortapelo.com\/wp-content\/uploads\/2017\/09\/bici.jpg');\"><\/div>\n\n                            <div class=\"attraction-overlay\">\n                                <i class=\"icon-link icons\"><\/i>\n                            <\/div>\n                        <\/div>\n\n                        <div class=\"attraction-caption\">\n                            <div class=\"attraction-caption-title\">Bicicletas<\/div>\n                            <div class=\"attraction-distance\"><\/div>\n                        <\/div>\n                    <\/a>\n                <\/div>\n                <!--Attraction link end-->\n            <\/div>\n\n        \n            <div class=\"grid-item grid-item--width1 grid-item--height1\">\n                <!--Attraction link start-->\n                <div class=\"attraction-link\">\n                    <a href=\"http:\/\/turisme.calafell.cat\/turisme-esportiu\/marxa-nordica\/\" target=\"_blank\">\n                        <div class=\"attraction-img\">\n                            <div class=\"the-img\" style=\"background-image:url('\/\/cortapelo.com\/wp-content\/uploads\/2017\/09\/nordiwalk.jpg');\"><\/div>\n\n                            <div class=\"attraction-overlay\">\n                                <i class=\"icon-link icons\"><\/i>\n                            <\/div>\n                        <\/div>\n\n                        <div class=\"attraction-caption\">\n                            <div class=\"attraction-caption-title\">Nordicwalk<\/div>\n                            <div class=\"attraction-distance\"><\/div>\n                        <\/div>\n                    <\/a>\n                <\/div>\n                <!--Attraction link end-->\n            <\/div>\n\n            <\/div>\n<\/div>        <\/div>\n    <\/div>\n\n\n<\/div><\/div>\n\n<div class=\"fw-row\">\n\t\n\n<div id=\"column-69e1803ebc1b6\" class=\" fw-col-md-12       wow fadeIn\" data-wow-offset=\"100\" data-wow-duration=\"1.5s\" style=\"  \">\n        <div class=\"fw-main-row\">\n        <div class=\"fw-col-inner\" >\n                <div  class=\" fw-divider-full-width fw-divider-space  space-sm \" style=\"width:auto%;  \" ><\/div>\n        <\/div>\n    <\/div>\n\n\n<\/div><\/div>\n\n<div class=\"fw-row\">\n\t\n\n<div id=\"column-69e1803ebc36d\" class=\" fw-col-md-12       wow fadeIn\" data-wow-offset=\"100\" data-wow-duration=\"1.5s\" style=\"  \">\n        <div class=\"fw-main-row\">\n        <div class=\"fw-col-inner\" >\n            \n<div class=\"fw-heading section-title heading-spacing text-left fw-heading-h3 wow fadeIn animated\" style=\"color:#447f71;\" >\n\t<h3 class='fw-special-title'>Otras actividades:<\/h3><\/div>        <\/div>\n    <\/div>\n\n\n<\/div><\/div>\n\n<div class=\"fw-row\">\n\t\n\n<div id=\"column-69e1803ebc4af\" class=\" fw-col-md-12       wow fadeIn\" data-wow-offset=\"100\" data-wow-duration=\"1.5s\" style=\"  \">\n        <div class=\"fw-main-row\">\n        <div class=\"fw-col-inner\" >\n            <h4 STYLE=\"color:#00acc9;\">\u00a0<b>Senderismo y bicicleta: <\/b><\/h4><p>\"Posibilidad de realizar un abanico de rutas\" con diferente grado de dificultad.<a href=\"http:\/\/turisme.calafell.cat\/wp-content\/uploads\/2014\/11\/Guia-BTT-Calafell.pdf\" target=\"_blank\" rel=\"noopener\">+info.<\/a><\/p><p>Gran variedad de rutas <b>Golf: <\/b><br \/>Dos campos de golf a menos de 2km:<br \/>La Graiera.<a href=\"http:\/\/www.graiera.es\/\" target=\"_blank\" rel=\"noopener\">+info.<\/a><br \/>Pitch &amp; Putt Vendrell.<a href=\"http:\/\/www.pitchandputtvendrell.es\/\" target=\"_blank\" rel=\"noopener\">+info.<\/a><\/p>        <\/div>\n    <\/div>\n\n\n<\/div><\/div>\n\n<div class=\"fw-row\">\n\t\n\n<div id=\"column-69e1803ebc5cd\" class=\" fw-col-md-12       wow fadeIn\" data-wow-offset=\"100\" data-wow-duration=\"1.5s\" style=\"  \">\n        <div class=\"fw-main-row\">\n        <div class=\"fw-col-inner\" >\n            <h4 style=\"color: #00acc9;\">\u00a0<b>H\u00edpica:<\/b><\/h4><p>Varios clubs h\u00edpicos en el entorno.<\/p>        <\/div>\n    <\/div>\n\n\n<\/div><\/div>\n\n<div class=\"fw-row\">\n\t\n\n<div id=\"column-69e1803ebc6d8\" class=\" fw-col-md-12       wow fadeIn\" data-wow-offset=\"100\" data-wow-duration=\"1.5s\" style=\"  \">\n        <div class=\"fw-main-row\">\n        <div class=\"fw-col-inner\" >\n            <h4 style=\"color: #00acc9;\">\u00a0<b>Tenis:<\/b><\/h4><p>A pocos minutos se encuentra el Club de Tenis Calafell y padel.<a href=\"http:\/\/www.tuclubdetenis.com\/club-nautic-tenis-calafell-id-128.html\" target=\"_blank\" rel=\"noopener\">+info.<\/a><\/p>        <\/div>\n    <\/div>\n\n\n<\/div><\/div>\n\n<div class=\"fw-row\">\n\t\n\n<div id=\"column-69e1803ebc7d5\" class=\" fw-col-md-12       wow fadeIn\" data-wow-offset=\"100\" data-wow-duration=\"1.5s\" style=\"  \">\n        <div class=\"fw-main-row\">\n        <div class=\"fw-col-inner\" >\n            <h4 style=\"color: #00acc9;\">\u00a0<b>Gimnasio y padel:<\/b><\/h4><p><a href=\"http:\/\/mandalaprueba2.esy.es\/www.vilarencaqua.com\" target=\"_blank\" rel=\"noopener\">+info.<\/a><\/p><h4 style=\"color: #00acc9;\"><b>Paintball:<\/b><\/h4><p><a href=\"http:\/\/paintballvendrell.cat\/\" target=\"_blank\" rel=\"noopener\">+info.<\/a><\/p>        <\/div>\n    <\/div>\n\n\n<\/div><\/div>\n\n<div class=\"fw-row\">\n\t\n\n<div id=\"column-69e1803ebc8cf\" class=\" fw-col-md-12       wow fadeIn\" data-wow-offset=\"100\" data-wow-duration=\"1.5s\" style=\"  \">\n        <div class=\"fw-main-row\">\n        <div class=\"fw-col-inner\" >\n                <div  class=\" fw-divider-full-width fw-divider-space  space-sm \" style=\"width:auto%;  \" ><\/div>\n        <\/div>\n    <\/div>\n\n\n<\/div><\/div>\n\n<div class=\"fw-row\">\n\t\n\n<div id=\"column-69e1803ebca54\" class=\" fw-col-md-12       wow fadeIn\" data-wow-offset=\"100\" data-wow-duration=\"1.5s\" style=\"  \">\n        <div class=\"fw-main-row\">\n        <div class=\"fw-col-inner\" >\n            \n<div class=\"fw-heading section-title heading-spacing text-left fw-heading-h3 wow fadeIn animated\" style=\"color:#447f71;\" >\n\t<h3 class='fw-special-title'>Turismo Gastron\u00f3mico<\/h3><\/div>        <\/div>\n    <\/div>\n\n\n<\/div><\/div>\n\n<div class=\"fw-row\">\n\t\n\n<div id=\"column-69e1803ebcbd4\" class=\" fw-col-md-12       wow fadeIn\" data-wow-offset=\"100\" data-wow-duration=\"1.5s\" style=\"  \">\n        <div class=\"fw-main-row\">\n        <div class=\"fw-col-inner\" >\n            <p><b>Calafell la tierra de l\u2019arrossejat y del xat\u00f3.<\/b><br \/>M\u00e1s de ochenta restaurantes a menos de 500 metros de nuestras instalaciones, que permiten realizar un viaje gastron\u00f3mico por las cocinas del mundo.<br \/>Recomendaciones y trato exclusivo en los restaurantes m\u00e1s conocidos del entorno para vivir una experiencia aut\u00e9ntica degustando nuestra gastronom\u00eda de proximidad.<\/p>        <\/div>\n    <\/div>\n\n\n<\/div><\/div>\n\n<div class=\"fw-row\">\n\t\n\n<div id=\"column-69e1803ebccfb\" class=\" fw-col-md-12       wow fadeIn\" data-wow-offset=\"100\" data-wow-duration=\"1.5s\" style=\"  \">\n        <div class=\"fw-main-row\">\n        <div class=\"fw-col-inner\" >\n            <h4 style=\"color: #00acc9;\">\u00a0<b>Enoturismo:<\/b><\/h4><p>M\u00e1s de ochenta bodegas en un radio de 40 km.<br \/>En el Pened\u00e9s mar\u00edtimo disfruta de los vi\u00f1edos cerca del mar. <a href=\"http:\/\/www.enoturismepenedes.cat\/ca\" target=\"_blank\" rel=\"noopener\">+info.<\/a><\/p>        <\/div>\n    <\/div>\n\n\n<\/div><\/div>\n\n<div class=\"fw-row\">\n\t\n\n<div id=\"column-69e1803ebce00\" class=\" fw-col-md-12       wow fadeIn\" data-wow-offset=\"100\" data-wow-duration=\"1.5s\" style=\"  \">\n        <div class=\"fw-main-row\">\n        <div class=\"fw-col-inner\" >\n                <div  class=\" fw-divider-full-width fw-divider-space  space-sm \" style=\"width:auto%;  \" ><\/div>\n        <\/div>\n    <\/div>\n\n\n<\/div><\/div>\n\n<div class=\"fw-row\">\n\t\n\n<div id=\"column-69e1803ebcf1f\" class=\" fw-col-md-12       wow fadeIn\" data-wow-offset=\"100\" data-wow-duration=\"1.5s\" style=\"  \">\n        <div class=\"fw-main-row\">\n        <div class=\"fw-col-inner\" >\n            \n<div class=\"fw-heading section-title heading-spacing text-left fw-heading-h3 wow fadeIn animated\" style=\"color:#447f71;\" >\n\t<h3 class='fw-special-title'>Turismo cultural<\/h3><\/div>        <\/div>\n    <\/div>\n\n\n<\/div><\/div>\n\n<div class=\"fw-row\">\n\t\n\n<div id=\"column-69e1803ebd039\" class=\" fw-col-md-12       wow fadeIn\" data-wow-offset=\"100\" data-wow-duration=\"1.5s\" style=\"  \">\n        <div class=\"fw-main-row\">\n        <div class=\"fw-col-inner\" >\n            <p><a href=\"http:\/\/www.enoturismepenedes.cat\/ca\" target=\"_blank\" rel=\"noopener\"><\/a><b>Calafell Patrimoni<a href=\"http:\/\/www.calafellhistoric.org\/\" target=\"_blank\" rel=\"noopener\">+info.<\/a><\/b><br \/><b>Castell medieval de la Santa Creu. <a href=\"http:\/\/ciutadellaiberica.com\/castell-de-la-santa-creu\/\" target=\"_blank\" rel=\"noopener\">+info.<\/a><\/b><br \/><b>Ciudadela Ib\u00e9rica.<a href=\"http:\/\/ciutadellaiberica.com\/\" target=\"_blank\" rel=\"noopener\"> +info.<\/a><\/b><br \/><b>Museo Casa Barral.<a href=\"http:\/\/ciutadellaiberica.com\/museu-casa-barral\/\" target=\"_blank\" rel=\"noopener\"> +info.<\/a><\/b><br \/><b>Iglesia Rom\u00e1nica de Sant Miquel en Segur de Calafell. <a href=\"http:\/\/calafell.cat\/municipi\/patrimoni\/esglesia-sant-miquel\" target=\"_blank\" rel=\"noopener\">+info.<\/a><\/b><\/p>        <\/div>\n    <\/div>\n\n\n<\/div><\/div>\n\n<div class=\"fw-row\">\n\t\n\n<div id=\"column-69e1803ebd13a\" class=\" fw-col-md-12       wow fadeIn\" data-wow-offset=\"100\" data-wow-duration=\"1.5s\" style=\"  \">\n        <div class=\"fw-main-row\">\n        <div class=\"fw-col-inner\" >\n            <h4 style=\"color: #00acc9;\">\u00a0<b>A menos de una hora de Calafell:<\/b><\/h4><p><b>Delta del Ebro<a href=\"http:\/\/www.terresdelebre.travel\/\" target=\"_blank\" rel=\"noopener\"> +info.<\/a><\/b><br \/><b>Montserrat<a href=\"http:\/\/www.montserratvisita.com\/\" target=\"_blank\" rel=\"noopener\"> +info.<\/a><\/b><br \/><b>Barcelona<a href=\"http:\/\/www.barcelonaturisme.com\/\" target=\"_blank\" rel=\"noopener\"> +info.<\/a><\/b><br \/><b>Tarragona. <a href=\"http:\/\/www.tarragonaturisme.cat\/que-fer\" target=\"_blank\" rel=\"noopener\"> +info.<\/a><\/b><br \/><b>Ruta del C\u00edster.<a href=\"http:\/\/www.larutadelcister.info\/es\" target=\"_blank\" rel=\"noopener\"> +info.<\/a><\/b><br \/><b>Villa medieval de Montblanc.<a href=\"http:\/\/www.montblancmedieval.cat\/\" target=\"_blank\" rel=\"noopener\"> +info.<\/a><\/b><br \/><b>Pau Casals.<a href=\"http:\/\/www.paucasals.org\/\" target=\"_blank\" rel=\"noopener\"> +info.<\/a><\/b><br \/><b>Auditorio.<a href=\"http:\/\/www.auditoripaucasals.cat\/\" target=\"_blank\" rel=\"noopener\"> +info.<\/a><\/b><\/p>        <\/div>\n    <\/div>\n\n\n<\/div><\/div>\n\n<div class=\"fw-row\">\n\t\n\n<div id=\"column-69e1803ebd238\" class=\" fw-col-md-12       wow fadeIn\" data-wow-offset=\"100\" data-wow-duration=\"1.5s\" style=\"  \">\n        <div class=\"fw-main-row\">\n        <div class=\"fw-col-inner\" >\n                <div  class=\" fw-divider-full-width fw-divider-space  space-sm \" style=\"width:auto%;  \" ><\/div>\n        <\/div>\n    <\/div>\n\n\n<\/div><\/div>\n\n<div class=\"fw-row\">\n\t\n\n<div id=\"column-69e1803ebd34d\" class=\" fw-col-md-12       wow fadeIn\" data-wow-offset=\"100\" data-wow-duration=\"1.5s\" style=\"  \">\n        <div class=\"fw-main-row\">\n        <div class=\"fw-col-inner\" >\n            \n<div class=\"fw-heading section-title heading-spacing text-left fw-heading-h3 wow fadeIn animated\" style=\"color:#447f71;\" >\n\t<h3 class='fw-special-title'>Turismo con ni\u00f1os<\/h3><\/div>        <\/div>\n    <\/div>\n\n\n<\/div><\/div>\n\n<div class=\"fw-row\">\n\t\n\n<div id=\"column-69e1803ebd45e\" class=\" fw-col-md-12       wow fadeIn\" data-wow-offset=\"100\" data-wow-duration=\"1.5s\" style=\"  \">\n        <div class=\"fw-main-row\">\n        <div class=\"fw-col-inner\" >\n            <p><b>Port Aventura<a href=\"http:\/\/www.portaventura.es\/\" target=\"_blank\" rel=\"noopener\"> +info.<\/a><br \/>Aquale\u00f3n <a href=\"http:\/\/www.aqualeon.es\/\" target=\"_blank\" rel=\"noopener\">+info.<\/a><br \/>Diver :<\/b><br \/>Vive diferentes circuitos de aventuras entre los \u00e1rboles.<a href=\"http:\/\/www.diver.cat\/\" target=\"_blank\" rel=\"noopener\">+info.<\/a><\/p>        <\/div>\n    <\/div>\n\n\n<\/div><\/div>\n\n<div class=\"fw-row\">\n\t\n\n<div id=\"column-69e1803ebd5a3\" class=\" fw-col-md-12       wow fadeIn\" data-wow-offset=\"100\" data-wow-duration=\"1.5s\" style=\"  \">\n        <div class=\"fw-main-row\">\n        <div class=\"fw-col-inner\" >\n                <div  class=\" fw-divider-full-width fw-divider-space  space-sm \" style=\"width:auto%;  \" ><\/div>\n        <\/div>\n    <\/div>\n\n\n<\/div><\/div>\n\n    <\/div>\n    <\/div>\n\n\n","protected":false},"excerpt":{"rendered":"<p>ACTIVIDADES QUE SE PUEDEN REALIZAR EN LA ZONA Turismo activo La \u00f3ptima situaci\u00f3n de Mandala apartments abre las puertas a practicar todo tipo de actividades y deportes en el entorno inmediato. N\u00e1utica 2 Km Submarinismo 10 Km Vela 100 Mtrs Rutas Bicicletas Nordicwalk Otras actividades: \u00a0Senderismo y bicicleta: &#8220;Posibilidad de<a class=\"more-link\" href=\"https:\/\/cortapelo.com\/en\/actividades\/\">Continue Reading&#8230;<\/a><\/p>\n","protected":false},"author":1,"featured_media":0,"parent":0,"menu_order":0,"comment_status":"closed","ping_status":"closed","template":"template-fullwidth.php","meta":[],"_links":{"self":[{"href":"https:\/\/cortapelo.com\/en\/wp-json\/wp\/v2\/pages\/306"}],"collection":[{"href":"https:\/\/cortapelo.com\/en\/wp-json\/wp\/v2\/pages"}],"about":[{"href":"https:\/\/cortapelo.com\/en\/wp-json\/wp\/v2\/types\/page"}],"author":[{"embeddable":true,"href":"https:\/\/cortapelo.com\/en\/wp-json\/wp\/v2\/users\/1"}],"replies":[{"embeddable":true,"href":"https:\/\/cortapelo.com\/en\/wp-json\/wp\/v2\/comments?post=306"}],"version-history":[{"count":21,"href":"https:\/\/cortapelo.com\/en\/wp-json\/wp\/v2\/pages\/306\/revisions"}],"predecessor-version":[{"id":700,"href":"https:\/\/cortapelo.com\/en\/wp-json\/wp\/v2\/pages\/306\/revisions\/700"}],"wp:attachment":[{"href":"https:\/\/cortapelo.com\/en\/wp-json\/wp\/v2\/media?parent=306"}],"curies":[{"name":"wp","href":"https:\/\/api.w.org\/{rel}","templated":true}]}}