{"id":260,"date":"2017-09-21T14:29:28","date_gmt":"2017-09-21T14:29:28","guid":{"rendered":"https:\/\/cortapelo.com\/?page_id=260"},"modified":"2017-10-17T16:36:12","modified_gmt":"2017-10-17T16:36:12","slug":"nuestro-entorno","status":"publish","type":"page","link":"https:\/\/cortapelo.com\/en\/nuestro-entorno\/","title":{"rendered":"(Espa\u00f1ol) Nuestro entorno"},"content":{"rendered":"\n\n<div id=\"div-69e17f14ef0df\" class=\"fw-main-row section-spacing   auto \"  style=\"  \"  >\n    <div class=\"fw-container\">\n        <div class=\"fw-row\">\n\t\n\n<div id=\"column-69e17f14ef2c9\" class=\" fw-col-md-12       wow fadeIn\" data-wow-offset=\"100\" data-wow-duration=\"1.5s\" style=\"  \">\n        <div class=\"fw-main-row\">\n        <div class=\"fw-col-inner\" >\n            <p><link href=\"https:\/\/fonts.googleapis.com\/css?family=Open+Sans:800\" rel=\"stylesheet\" property=\"stylesheet\" type=\"text\/css\" media=\"all\">\n<div id=\"rev_slider_3_1_wrapper\" class=\"rev_slider_wrapper fullwidthbanner-container\" data-source=\"gallery\" style=\"margin:0px auto;background-color:transparent;padding:0px;margin-top:0px;margin-bottom:0px;\">\n<!-- START REVOLUTION SLIDER 5.3.1.5 fullwidth mode -->\n\t<div id=\"rev_slider_3_1\" class=\"rev_slider fullwidthabanner\" style=\"display:none;\" data-version=\"5.3.1.5\">\n<ul>\t<!-- SLIDE  -->\n\t<li data-index=\"rs-17\" data-transition=\"fade\" data-slotamount=\"default\" data-hideafterloop=\"0\" data-hideslideonmobile=\"off\"  data-easein=\"default\" data-easeout=\"default\" data-masterspeed=\"300\"  data-rotate=\"0\"  data-saveperformance=\"off\"  data-title=\"Slide\" data-param1=\"\" data-param2=\"\" data-param3=\"\" data-param4=\"\" data-param5=\"\" data-param6=\"\" data-param7=\"\" data-param8=\"\" data-param9=\"\" data-param10=\"\" data-description=\"\">\n\t\t<!-- MAIN IMAGE -->\n\t\t<img src=\"https:\/\/cortapelo.com\/wp-content\/uploads\/2017\/09\/fondo_calafell.jpg\"  alt=\"\" title=\"fondo_calafell\"  width=\"1240\" height=\"533\" data-bgposition=\"center center\" data-bgfit=\"cover\" data-bgrepeat=\"no-repeat\" data-bgparallax=\"2\" class=\"rev-slidebg\" data-no-retina>\n\t\t<!-- LAYERS -->\n\n\t\t<!-- LAYER NR. 1 -->\n\t\t<div class=\"tp-caption Furniture-Title tp-layer-selectable  tp-resizeme\" \n\t\t\t id=\"slide-17-layer-1\" \n\t\t\t data-x=\"center\" data-hoffset=\"\" \n\t\t\t data-y=\"center\" data-voffset=\"\" \n\t\t\t\t\t\tdata-width=\"['auto']\"\n\t\t\tdata-height=\"['auto']\"\n \n\t\t\tdata-type=\"text\" \n\t\t\tdata-responsive_offset=\"on\" \n\n\t\t\tdata-frames='[{\"delay\":0,\"speed\":300,\"frame\":\"0\",\"from\":\"opacity:0;\",\"to\":\"o:1;\",\"ease\":\"Power3.easeInOut\"},{\"delay\":\"wait\",\"speed\":300,\"frame\":\"999\",\"to\":\"opacity:0;\",\"ease\":\"Power3.easeInOut\"}]'\n\t\t\tdata-textAlign=\"['inherit','inherit','inherit','inherit']\"\n\t\t\tdata-paddingtop=\"[0,0,0,0]\"\n\t\t\tdata-paddingright=\"[0,0,0,0]\"\n\t\t\tdata-paddingbottom=\"[0,0,0,0]\"\n\t\t\tdata-paddingleft=\"[0,0,0,0]\"\n\n\t\t\tstyle=\"z-index: 5; white-space: nowrap; font-weight: 800; color: rgba(247, 247, 247, 1.00);font-family:Open Sans;\">Eres t\u00fa quien elige donde mira\u2026 <\/div>\n\n\t\t<!-- LAYER NR. 2 -->\n\t\t<div class=\"tp-caption tp-layer-selectable  tp-resizeme rs-parallaxlevel-2\" \n\t\t\t id=\"slide-17-layer-2\" \n\t\t\t data-x=\"center\" data-hoffset=\"10\" \n\t\t\t data-y=\"center\" data-voffset=\"-42\" \n\t\t\t\t\t\tdata-width=\"['297']\"\n\t\t\tdata-height=\"['auto']\"\n \n\t\t\tdata-type=\"text\" \n\t\t\tdata-responsive_offset=\"on\" \n\n\t\t\tdata-frames='[{\"delay\":0,\"speed\":300,\"frame\":\"0\",\"from\":\"opacity:0;\",\"to\":\"o:1;\",\"ease\":\"Power3.easeInOut\"},{\"delay\":\"wait\",\"speed\":300,\"frame\":\"999\",\"to\":\"opacity:0;\",\"ease\":\"Power3.easeInOut\"}]'\n\t\t\tdata-textAlign=\"['inherit','inherit','inherit','inherit']\"\n\t\t\tdata-paddingtop=\"[0,0,0,0]\"\n\t\t\tdata-paddingright=\"[0,0,0,0]\"\n\t\t\tdata-paddingbottom=\"[0,0,0,0]\"\n\t\t\tdata-paddingleft=\"[0,0,0,0]\"\n\n\t\t\tstyle=\"z-index: 6; min-width: 297px; max-width: 297px; white-space: nowrap; font-size: 60px; line-height: 22px; font-weight: 800; color: rgba(255, 255, 255, 1.00);font-family:Open Sans;\">CALAFELL <\/div>\n\t<\/li>\n<\/ul>\n<div class=\"tp-bannertimer tp-bottom\" style=\"visibility: hidden !important;\"><\/div>\t<\/div>\n<script>var htmlDiv = document.getElementById(\"rs-plugin-settings-inline-css\"); var htmlDivCss=\".tp-caption.Furniture-Title,.Furniture-Title{color:rgba(0,0,0,1.00);font-size:20px;line-height:20px;font-weight:700;font-style:normal;font-family:\\\"Raleway\\\";text-decoration:none;background-color:transparent;border-color:transparent;border-style:none;border-width:0px;border-radius:0px 0px 0px 0px;text-shadow:none;letter-spacing:3px}\";\r\n\t\t\t\tif(htmlDiv) {\r\n\t\t\t\t\thtmlDiv.innerHTML = htmlDiv.innerHTML + htmlDivCss;\r\n\t\t\t\t}else{\r\n\t\t\t\t\tvar htmlDiv = document.createElement(\"div\");\r\n\t\t\t\t\thtmlDiv.innerHTML = \"<style>\" + htmlDivCss + \"<\/style>\";\r\n\t\t\t\t\tdocument.getElementsByTagName(\"head\")[0].appendChild(htmlDiv.childNodes[0]);\r\n\t\t\t\t}\r\n\t\t\t<\/script>\n\t\t<script type=\"text\/javascript\">\r\n\t\t\t\t\t\t\/******************************************\r\n\t\t\t\t-\tPREPARE PLACEHOLDER FOR SLIDER\t-\r\n\t\t\t******************************************\/\r\n\r\n\t\t\tvar setREVStartSize=function(){\r\n\t\t\t\ttry{var e=new Object,i=jQuery(window).width(),t=9999,r=0,n=0,l=0,f=0,s=0,h=0;\r\n\t\t\t\t\te.c = jQuery('#rev_slider_3_1');\r\n\t\t\t\t\te.gridwidth = [1240];\r\n\t\t\t\t\te.gridheight = [608];\r\n\t\t\t\t\t\t\t\r\n\t\t\t\t\te.sliderLayout = \"fullwidth\";\r\n\t\t\t\t\tif(e.responsiveLevels&&(jQuery.each(e.responsiveLevels,function(e,f){f>i&&(t=r=f,l=e),i>f&&f>r&&(r=f,n=e)}),t>r&&(l=n)),f=e.gridheight[l]||e.gridheight[0]||e.gridheight,s=e.gridwidth[l]||e.gridwidth[0]||e.gridwidth,h=i\/s,h=h>1?1:h,f=Math.round(h*f),\"fullscreen\"==e.sliderLayout){var u=(e.c.width(),jQuery(window).height());if(void 0!=e.fullScreenOffsetContainer){var c=e.fullScreenOffsetContainer.split(\",\");if (c) jQuery.each(c,function(e,i){u=jQuery(i).length>0?u-jQuery(i).outerHeight(!0):u}),e.fullScreenOffset.split(\"%\").length>1&&void 0!=e.fullScreenOffset&&e.fullScreenOffset.length>0?u-=jQuery(window).height()*parseInt(e.fullScreenOffset,0)\/100:void 0!=e.fullScreenOffset&&e.fullScreenOffset.length>0&&(u-=parseInt(e.fullScreenOffset,0))}f=u}else void 0!=e.minHeight&&f<e.minHeight&&(f=e.minHeight);e.c.closest(\".rev_slider_wrapper\").css({height:f})\r\n\t\t\t\t\t\r\n\t\t\t\t}catch(d){console.log(\"Failure at Presize of Slider:\"+d)}\r\n\t\t\t};\r\n\t\t\t\r\n\t\t\tsetREVStartSize();\r\n\t\t\t\r\n\t\t\t\t\t\tvar tpj=jQuery;\r\n\t\t\t\r\n\t\t\tvar revapi3;\r\n\t\t\ttpj(document).ready(function() {\n\t\t\t\tif(tpj(\"#rev_slider_3_1\").revolution == undefined){\n\t\t\t\t\trevslider_showDoubleJqueryError(\"#rev_slider_3_1\");\n\t\t\t\t}else{\n\t\t\t\t\trevapi3 = tpj(\"#rev_slider_3_1\").show().revolution({\n\t\t\t\t\t\tsliderType:\"hero\",\njsFileLocation:\"\/\/cortapelo.com\/wp-content\/plugins\/revslider\/public\/assets\/js\/\",\n\t\t\t\t\t\tsliderLayout:\"fullwidth\",\n\t\t\t\t\t\tdottedOverlay:\"none\",\n\t\t\t\t\t\tdelay:9000,\n\t\t\t\t\t\tnavigation: {\n\t\t\t\t\t\t},\n\t\t\t\t\t\tvisibilityLevels:[1240,1024,778,480],\n\t\t\t\t\t\tgridwidth:1240,\n\t\t\t\t\t\tgridheight:608,\n\t\t\t\t\t\tlazyType:\"none\",\n\t\t\t\t\t\tscrolleffect: {\n\t\t\t\t\t\t\tfade:\"on\",\n\t\t\t\t\t\t\tgrayscale:\"on\",\n\t\t\t\t\t\t},\n\t\t\t\t\t\tparallax: {\n\t\t\t\t\t\t\ttype:\"scroll\",\n\t\t\t\t\t\t\torigo:\"enterpoint\",\n\t\t\t\t\t\t\tspeed:400,\n\t\t\t\t\t\t\tlevels:[5,10,15,20,25,30,35,40,45,46,47,48,49,50,51,55],\n\t\t\t\t\t\t},\n\t\t\t\t\t\tshadow:0,\n\t\t\t\t\t\tspinner:\"spinner0\",\n\t\t\t\t\t\tautoHeight:\"off\",\n\t\t\t\t\t\tdisableProgressBar:\"on\",\n\t\t\t\t\t\thideThumbsOnMobile:\"off\",\n\t\t\t\t\t\thideSliderAtLimit:0,\n\t\t\t\t\t\thideCaptionAtLimit:0,\n\t\t\t\t\t\thideAllCaptionAtLilmit:0,\n\t\t\t\t\t\tdebugMode:false,\n\t\t\t\t\t\tfallbacks: {\n\t\t\t\t\t\t\tsimplifyAll:\"off\",\n\t\t\t\t\t\t\tdisableFocusListener:false,\n\t\t\t\t\t\t}\n\t\t\t\t\t});\n\t\t\t\t}\n\t\t\t});\t\/*ready*\/\n\t\t<\/script>\r\n\t\t<\/div><!-- END REVOLUTION SLIDER --><\/p>        <\/div>\n    <\/div>\n\n\n<\/div><\/div>\n\n<div class=\"fw-row\">\n\t\n\n<div id=\"column-69e17f14f19fa\" class=\" fw-col-md-12       wow fadeIn\" data-wow-offset=\"100\" data-wow-duration=\"1.5s\" style=\"  \">\n        <div class=\"fw-main-row\">\n        <div class=\"fw-col-inner\" >\n                <div  class=\" fw-divider-space  space-sm \" style=\"width:50%;  border-color:#447f71;\" ><\/div>\n        <\/div>\n    <\/div>\n\n\n<\/div><\/div>\n\n<div class=\"fw-row\">\n\t\n\n<div id=\"column-69e17f14f1c1e\" class=\" fw-col-md-6       wow fadeIn\" data-wow-offset=\"100\" data-wow-duration=\"1.5s\" style=\"  \">\n        <div class=\"fw-main-row\">\n        <div class=\"fw-col-inner\" >\n            <div class=\"fw-single-image   image_border\" >\n\t\t    <img src=\"\/\/cortapelo.com\/wp-content\/uploads\/2017\/09\/playa2.jpg\" class=\"img-responsive\" alt=\"\"  \/>\n\t<\/div><h4 class=\" titulo_quien_som\" style=\"text-align: center; color: #00acc9;\">AL MAR<\/h4><p style=\"text-align: center;\">El Mediterr\u00e1neo, el horizonte y t\u00fa\u2026<br \/>Una playa de arena fina y dorada de 10 km de larga.<br \/>Un paseo mar\u00edtimo sin coches.<br \/>Un viaje gastron\u00f3mico sin fronteras.<br \/>Una oferta l\u00fadica para todos los gustos<\/p>        <\/div>\n    <\/div>\n\n\n<\/div>\n\n<div id=\"column-69e17f14f1d78\" class=\" fw-col-md-6       wow fadeIn\" data-wow-offset=\"100\" data-wow-duration=\"1.5s\" style=\"  \">\n        <div class=\"fw-main-row\">\n        <div class=\"fw-col-inner\" >\n            <div class=\"fw-single-image   image_border\" >\n\t\t    <img src=\"\/\/cortapelo.com\/wp-content\/uploads\/2017\/09\/interior.jpg\" class=\"img-responsive\" alt=\"\"  \/>\n\t<\/div><h4 class=\" titulo_quien_som\" style=\"text-align: center; color: #00acc9;\">AL INTERIOR<\/h4><p style=\"text-align: center;\">Un oc\u00e9ano de vi\u00f1edos, con olor a sal y piedra seca...<br \/>Corre entre vi\u00f1as<br \/>Btt entre olivos y restos arqueol\u00f3gicos.<br \/>Pasea, desconecta y siente\u2026.<\/p>        <\/div>\n    <\/div>\n\n\n<\/div><\/div>\n\n<div class=\"fw-row\">\n\t\n\n<div id=\"column-69e17f14f1ede\" class=\" fw-col-md-12       wow fadeIn\" data-wow-offset=\"100\" data-wow-duration=\"1.5s\" style=\"  \">\n        <div class=\"fw-main-row\">\n        <div class=\"fw-col-inner\" >\n                <div  class=\" fw-divider-full-width fw-divider-space  space-md \" style=\"width:auto%;  \" ><\/div>\n        <\/div>\n    <\/div>\n\n\n<\/div><\/div>\n\n<div class=\"fw-row\">\n\t\n\n<div id=\"column-69e17f14f2068\" class=\" fw-col-md-12       wow fadeIn\" data-wow-offset=\"100\" data-wow-duration=\"1.5s\" style=\"  \">\n        <div class=\"fw-main-row\">\n        <div class=\"fw-col-inner\" >\n            <div class=\"simple-title\">\n<h3 class=\"fw-title wow fadeInTop animated text-left\" data-wow-duration=\"1.5s\" style=\"color:#097f62;\">M\u00e1s informaci\u00f3n sobre Calafell<\/h3>\n<span class=\"sub\"><\/span>\n<\/div>        <\/div>\n    <\/div>\n\n\n<\/div><\/div>\n\n<div class=\"fw-row\">\n\t\n\n<div id=\"column-69e17f14f21fc\" class=\" fw-col-md-6       wow fadeIn\" data-wow-offset=\"100\" data-wow-duration=\"1.5s\" style=\"  \">\n        <div class=\"fw-main-row\">\n        <div class=\"fw-col-inner\" >\n            <p><b>Calafell<\/b> es uno de los municipios m\u00e1s agradables de la Costa Daurada, con su playa de arena fina y m\u00e1s de 300 d\u00edas de sol al a\u00f1o Calafell es un destino ideal para una escapada cualquier temporada del a\u00f1o.<br \/>Su riqueza cultural y gastron\u00f3mica, as\u00ed como su larga y yodada playa y un clima t\u00edpicamente mediterr\u00e1neo lo convierten en el lugar ideal para pasar unos d\u00edas de relax en compa\u00f1\u00eda de sus familiares o amigos.<br \/>La temperatura media de la ciudad permite disfrutar de todas las ventajas que ofrecen 300 d\u00edas de sol al a\u00f1o.<br \/>Una playa de 8 km de largo con poca pendiente y unas aguas tranquilas convierten a Calafell en la poblaci\u00f3n ideal para vuestras vacaciones en familia.<br \/>Tomar el sol, pasear pl\u00e1cidamente o realizar deportes acu\u00e1ticos como: windsurf, pirag\u00fcismo, motos acu\u00e1ticas, esqu\u00ed acu\u00e1tico etc\u2026 Todo esto y mucho m\u00e1s lo puedes practicar en Calafell.<\/p>        <\/div>\n    <\/div>\n\n\n<\/div>\n\n<div id=\"column-69e17f14f22a9\" class=\" fw-col-md-6       wow fadeIn\" data-wow-offset=\"100\" data-wow-duration=\"1.5s\" style=\"  \">\n        <div class=\"fw-main-row\">\n        <div class=\"fw-col-inner\" >\n            <div class=\"fw-single-image   image_border\" >\n\t\t    <img src=\"\/\/cortapelo.com\/wp-content\/uploads\/2017\/09\/calafell_foto.jpg\" class=\"img-responsive\" alt=\"\"  \/>\n\t<\/div>        <\/div>\n    <\/div>\n\n\n<\/div><\/div>\n\n<div class=\"fw-row\">\n\t\n\n<div id=\"column-69e17f14f241e\" class=\" fw-col-md-12       wow fadeIn\" data-wow-offset=\"100\" data-wow-duration=\"1.5s\" style=\"  \">\n        <div class=\"fw-main-row\">\n        <div class=\"fw-col-inner\" >\n                <div  class=\" fw-divider-full-width fw-divider-space  space-sm \" style=\"width:auto%;  \" ><\/div>\n        <\/div>\n    <\/div>\n\n\n<\/div><\/div>\n\n<div class=\"fw-row\">\n\t\n\n<div id=\"column-69e17f14f254b\" class=\" fw-col-md-6       wow fadeIn\" data-wow-offset=\"100\" data-wow-duration=\"1.5s\" style=\"  \">\n        <div class=\"fw-main-row\">\n        <div class=\"fw-col-inner\" >\n            <p>Una playa de calidad, con bandera azul, equipada con duchas, papeleras, pasaderas de madera de acceso a la arena, \u00e1reas de juegos infantiles y torres de vigilancia.<br \/>Otras actividades a realizar: golf, tenis, running, btt o simplemente pasear, la actividad principal en vuestra estancia en Calafell, sin olvidar el alta oferta gastron\u00f3mica, vin\u00edcola y l\u00fadica de Calafell, uno de los recursos m\u00e1s atractivos de la zona. Pues si algo caracteriza a Calafell es su vida en la calle, sobre todo en la zona en la que vais a estar ubicados, en plena zona peatonal. Un agradable pueblo con una gran oferta comercial, gastron\u00f3mica y l\u00fadica, con todos los servicios a un paso y alejado de las grandes v\u00edas de circulaci\u00f3n, para olvidarnos del coche durante todas las vacaciones. En definitiva, para vivir una estancia tranquila, divertida y \u00fanica.<\/p>        <\/div>\n    <\/div>\n\n\n<\/div>\n\n<div id=\"column-69e17f14f2602\" class=\" fw-col-md-6       wow fadeIn\" data-wow-offset=\"100\" data-wow-duration=\"1.5s\" style=\"  \">\n        <div class=\"fw-main-row\">\n        <div class=\"fw-col-inner\" >\n            <div class=\"fw-single-image   image_border\" >\n\t\t    <img src=\"\/\/cortapelo.com\/wp-content\/uploads\/2017\/09\/calafell_foto2.jpg\" class=\"img-responsive\" alt=\"\"  \/>\n\t<\/div>        <\/div>\n    <\/div>\n\n\n<\/div><\/div>\n\n<div class=\"fw-row\">\n\t\n\n<div id=\"column-69e17f14f2705\" class=\" fw-col-md-12       wow fadeIn\" data-wow-offset=\"100\" data-wow-duration=\"1.5s\" style=\"  \">\n        <div class=\"fw-main-row\">\n        <div class=\"fw-col-inner\" >\n                <div  class=\" fw-divider-full-width fw-divider-space  space-sm \" style=\"width:auto%;  \" ><\/div>\n        <\/div>\n    <\/div>\n\n\n<\/div><\/div>\n\n    <\/div>\n    <\/div>\n\n\n","protected":false},"excerpt":{"rendered":"<p>Eres t\u00fa quien elige donde mira\u2026 CALAFELL AL MAREl Mediterr\u00e1neo, el horizonte y t\u00fa\u2026Una playa de arena fina y dorada de 10 km de larga.Un paseo mar\u00edtimo sin coches.Un viaje gastron\u00f3mico sin fronteras.Una oferta l\u00fadica para todos los gustos AL INTERIORUn oc\u00e9ano de vi\u00f1edos, con olor a sal y piedra<a class=\"more-link\" href=\"https:\/\/cortapelo.com\/en\/nuestro-entorno\/\">Continue Reading&#8230;<\/a><\/p>\n","protected":false},"author":1,"featured_media":0,"parent":0,"menu_order":0,"comment_status":"closed","ping_status":"closed","template":"template-fullwidth.php","meta":[],"_links":{"self":[{"href":"https:\/\/cortapelo.com\/en\/wp-json\/wp\/v2\/pages\/260"}],"collection":[{"href":"https:\/\/cortapelo.com\/en\/wp-json\/wp\/v2\/pages"}],"about":[{"href":"https:\/\/cortapelo.com\/en\/wp-json\/wp\/v2\/types\/page"}],"author":[{"embeddable":true,"href":"https:\/\/cortapelo.com\/en\/wp-json\/wp\/v2\/users\/1"}],"replies":[{"embeddable":true,"href":"https:\/\/cortapelo.com\/en\/wp-json\/wp\/v2\/comments?post=260"}],"version-history":[{"count":21,"href":"https:\/\/cortapelo.com\/en\/wp-json\/wp\/v2\/pages\/260\/revisions"}],"predecessor-version":[{"id":689,"href":"https:\/\/cortapelo.com\/en\/wp-json\/wp\/v2\/pages\/260\/revisions\/689"}],"wp:attachment":[{"href":"https:\/\/cortapelo.com\/en\/wp-json\/wp\/v2\/media?parent=260"}],"curies":[{"name":"wp","href":"https:\/\/api.w.org\/{rel}","templated":true}]}}