{"id":233,"date":"2017-09-21T13:51:55","date_gmt":"2017-09-21T13:51:55","guid":{"rendered":"https:\/\/cortapelo.com\/?page_id=233"},"modified":"2017-10-17T16:58:11","modified_gmt":"2017-10-17T16:58:11","slug":"quienes-somos","status":"publish","type":"page","link":"https:\/\/cortapelo.com\/en\/quienes-somos\/","title":{"rendered":"(Espa\u00f1ol) Quienes somos"},"content":{"rendered":"\n\n<div id=\"div-69e17e0a4049c\" class=\"fw-main-row section-spacing   auto \"  style=\"  \"  >\n    <div class=\"fw-container\">\n        <div class=\"fw-row\">\n\t\n\n<div id=\"column-69e17e0a4062c\" class=\" fw-col-md-12       wow fadeIn\" data-wow-offset=\"100\" data-wow-duration=\"1.5s\" style=\"  \">\n        <div class=\"fw-main-row\">\n        <div class=\"fw-col-inner\" >\n                <div  class=\" fw-divider-full-width fw-divider-space  space-lg \" style=\"width:auto%;  \" ><\/div>\n        <\/div>\n    <\/div>\n\n\n<\/div><\/div>\n\n<div class=\"fw-row\">\n\t\n\n<div id=\"column-69e17e0a407a9\" class=\" fw-col-md-12       wow fadeIn\" data-wow-offset=\"100\" data-wow-duration=\"1.5s\" style=\"  \">\n        <div class=\"fw-main-row\">\n        <div class=\"fw-col-inner\" >\n                <div  class=\" fw-divider-full-width fw-divider-space  space-lg \" style=\"width:auto%;  \" ><\/div>\n        <\/div>\n    <\/div>\n\n\n<\/div><\/div>\n\n<div class=\"fw-row\">\n\t\n\n<div id=\"column-69e17e0a40924\" class=\" fw-col-md-12       wow fadeIn\" data-wow-offset=\"100\" data-wow-duration=\"1.5s\" style=\"  \">\n        <div class=\"fw-main-row\">\n        <div class=\"fw-col-inner\" >\n            \n<div class=\"fw-heading section-title heading-spacing text-left fw-heading-h3 wow fadeIn animated\" style=\"color:#447f71;\" >\n\t<h3 class='fw-special-title'>Quienes somos<\/h3><\/div>        <\/div>\n    <\/div>\n\n\n<\/div><\/div>\n\n<div class=\"fw-row\">\n\t\n\n<div id=\"column-69e17e0a40b11\" class=\" fw-col-md-8       wow fadeIn\" data-wow-offset=\"100\" data-wow-duration=\"1.5s\" style=\"  \">\n        <div class=\"fw-main-row\">\n        <div class=\"fw-col-inner\" >\n            <p>Somos una familia afincada en Calafell playa desde sus or\u00edgenes: nuestros bisabuelos fueron de las primeras familias de pescadores que se desplazaron a Calafell buscando nuevos bancales de pesca donde ganarse la vida.<\/p><p>La historia de Calafell es la historia de nuestra familia, de pescadores a tenderos, de tenderos a hosteleros y hoy haciendo realidad nuestro nuevo proyecto Mandala apartaments.<br \/>\u00bfY por qu\u00e9 os explicamos todo esto? Porque nuestra familia est\u00e1 arraigada a esta tierra y esta tierra es la que nos ha dado de comer durante m\u00e1s de cuatro generaciones.<\/p><p>Este es el motivo por lo que queremos compartir con vosotros, nuestros hu\u00e9spedes, ese amor por nuestra tierra, por nuestra gente y por nuestro mar.<br \/>Esta es nuestra filosof\u00eda y este es nuestro motor vital.<\/p>        <\/div>\n    <\/div>\n\n\n<\/div>\n\n<div id=\"column-69e17e0a40bdb\" class=\" fw-col-md-4       wow fadeIn\" data-wow-offset=\"100\" data-wow-duration=\"1.5s\" style=\"  \">\n        <div class=\"fw-main-row\">\n        <div class=\"fw-col-inner\" >\n            <div id=\"carousel-image-slider-69e17e0a40ca6\" class=\"carousel slide carousel-fade\" data-ride=\"carousel\">\n\n    <!-- Wrapper for slides -->\n    <div class=\"carousel-inner\" role=\"listbox\">\n\n        <!--Item 1 start-->\n                    <div class=\"item active\">\n                <img src=\"\/\/cortapelo.com\/wp-content\/uploads\/2017\/09\/familia-Margalet-calafell-barca-pescar.jpg\" alt=\"\"\/>\n            <\/div>\n                                <div class=\"item  \">\n                <img src=\"\/\/cortapelo.com\/wp-content\/uploads\/2017\/09\/familia-Margalet-calafell-barca.jpg\" alt=\"\"\/>\n            <\/div>\n                                <div class=\"item  \">\n                <img src=\"\/\/cortapelo.com\/wp-content\/uploads\/2017\/09\/familia-Margalet-calafell-botiga-2.jpg\" alt=\"\"\/>\n            <\/div>\n                                <div class=\"item  \">\n                <img src=\"\/\/cortapelo.com\/wp-content\/uploads\/2017\/09\/familia-Margalet-calafell-botiga-3.jpg\" alt=\"\"\/>\n            <\/div>\n                                <div class=\"item  \">\n                <img src=\"\/\/cortapelo.com\/wp-content\/uploads\/2017\/09\/familia-Margalet-calafell-botiga-4.jpg\" alt=\"\"\/>\n            <\/div>\n                                <div class=\"item  \">\n                <img src=\"\/\/cortapelo.com\/wp-content\/uploads\/2017\/09\/familia-Margalet-calafell-botiga.jpg\" alt=\"\"\/>\n            <\/div>\n                                <div class=\"item  \">\n                <img src=\"\/\/cortapelo.com\/wp-content\/uploads\/2017\/09\/familia-Margalet-calafell-super.jpg\" alt=\"\"\/>\n            <\/div>\n                                <div class=\"item  \">\n                <img src=\"\/\/cortapelo.com\/wp-content\/uploads\/2017\/09\/familia-Margalet-calafell-verema.jpg\" alt=\"\"\/>\n            <\/div>\n                                <div class=\"item  \">\n                <img src=\"\/\/cortapelo.com\/wp-content\/uploads\/2017\/09\/familia-Mera-Margalet-calafell-bodega.jpg\" alt=\"\"\/>\n            <\/div>\n                    \n        <a class=\"left carousel-control\" href=\"#carousel-image-slider-69e17e0a40ca6\" role=\"button\" data-slide=\"prev\">\n            <span class=\"glyphicon glyphicon-triangle-left\" aria-hidden=\"true\"><\/span>\n            <span class=\"sr-only\">Previous<\/span>\n        <\/a>\n        <a class=\"right carousel-control\" href=\"#carousel-image-slider-69e17e0a40ca6\" role=\"button\" data-slide=\"next\">\n            <span class=\"glyphicon glyphicon-triangle-right\" aria-hidden=\"true\"><\/span>\n            <span class=\"sr-only\">Next<\/span>\n        <\/a>\n    <\/div>\n<\/div>        <\/div>\n    <\/div>\n\n\n<\/div><\/div>\n\n<div class=\"fw-row\">\n\t\n\n<div id=\"column-69e17e0a40dbb\" class=\" fw-col-md-12       wow fadeIn\" data-wow-offset=\"100\" data-wow-duration=\"1.5s\" style=\"  \">\n        <div class=\"fw-main-row\">\n        <div class=\"fw-col-inner\" >\n                <div  class=\" fw-divider-full-width fw-divider-space  space-lg \" style=\"width:auto%;  \" ><\/div>\n        <\/div>\n    <\/div>\n\n\n<\/div><\/div>\n\n    <\/div>\n    <\/div>\n\n\n","protected":false},"excerpt":{"rendered":"<p>Quienes somos Somos una familia afincada en Calafell playa desde sus or\u00edgenes: nuestros bisabuelos fueron de las primeras familias de pescadores que se desplazaron a Calafell buscando nuevos bancales de pesca donde ganarse la vida.La historia de Calafell es la historia de nuestra familia, de pescadores a tenderos, de tenderos<a class=\"more-link\" href=\"https:\/\/cortapelo.com\/en\/quienes-somos\/\">Continue Reading&#8230;<\/a><\/p>\n","protected":false},"author":1,"featured_media":0,"parent":0,"menu_order":0,"comment_status":"closed","ping_status":"closed","template":"template-fullwidth.php","meta":[],"_links":{"self":[{"href":"https:\/\/cortapelo.com\/en\/wp-json\/wp\/v2\/pages\/233"}],"collection":[{"href":"https:\/\/cortapelo.com\/en\/wp-json\/wp\/v2\/pages"}],"about":[{"href":"https:\/\/cortapelo.com\/en\/wp-json\/wp\/v2\/types\/page"}],"author":[{"embeddable":true,"href":"https:\/\/cortapelo.com\/en\/wp-json\/wp\/v2\/users\/1"}],"replies":[{"embeddable":true,"href":"https:\/\/cortapelo.com\/en\/wp-json\/wp\/v2\/comments?post=233"}],"version-history":[{"count":13,"href":"https:\/\/cortapelo.com\/en\/wp-json\/wp\/v2\/pages\/233\/revisions"}],"predecessor-version":[{"id":701,"href":"https:\/\/cortapelo.com\/en\/wp-json\/wp\/v2\/pages\/233\/revisions\/701"}],"wp:attachment":[{"href":"https:\/\/cortapelo.com\/en\/wp-json\/wp\/v2\/media?parent=233"}],"curies":[{"name":"wp","href":"https:\/\/api.w.org\/{rel}","templated":true}]}}